{"id":8308,"date":"2026-01-07T14:50:57","date_gmt":"2026-01-07T13:50:57","guid":{"rendered":"https:\/\/kineaphp.fr\/?page_id=8308"},"modified":"2026-01-07T15:10:49","modified_gmt":"2026-01-07T14:10:49","slug":"tests-et-evaluations-msq","status":"publish","type":"page","link":"https:\/\/kineaphp.fr\/?page_id=8308","title":{"rendered":"Tests et \u00e9valuations msq"},"content":{"rendered":"\n<h2 class=\"wp-block-heading\">Membre inf\u00e9rieur<\/h2>\n\n\n\n<h3 class=\"wp-block-heading\">Hanche<\/h3>\n\n\n<ul class=\"display-posts-listing\"><li class=\"listing-item\"><a class=\"title\" href=\"https:\/\/kineaphp.fr\/?p=4427\">Cluster de Sutlive (arthrose)<\/a><\/li><li class=\"listing-item\"><a class=\"title\" href=\"https:\/\/kineaphp.fr\/?p=3949\">FABER<\/a><\/li><li class=\"listing-item\"><a class=\"title\" href=\"https:\/\/kineaphp.fr\/?p=3947\">FADIR<\/a><\/li><li class=\"listing-item\"><a class=\"title\" href=\"https:\/\/kineaphp.fr\/?p=3956\">Fulcrum test (fracture)<\/a><\/li><li class=\"listing-item\"><a class=\"title\" href=\"https:\/\/kineaphp.fr\/?p=4425\">Scour test<\/a><\/li><li class=\"listing-item\"><a class=\"title\" href=\"https:\/\/kineaphp.fr\/?p=4422\">Mcarthy test (L\u00e9sion du labrum)<\/a><\/li><li class=\"listing-item\"><a class=\"title\" href=\"https:\/\/kineaphp.fr\/?p=4429\">Test de L\u00e9ri (Nerf f\u00e9moral)<\/a><\/li><li class=\"listing-item\"><a class=\"title\" href=\"https:\/\/kineaphp.fr\/?p=7903\">Test de fulcrum (fracture de stress f\u00e9morale)<\/a><\/li><li class=\"listing-item\"><a class=\"title\" href=\"https:\/\/kineaphp.fr\/?p=7900\">Test de percussion patellaire (fracture de hanche)<\/a><\/li><\/ul>\n\n\n\n<h3 class=\"wp-block-heading\">Genou<\/h3>\n\n\n<ul class=\"display-posts-listing\"><li class=\"listing-item\"><a class=\"title\" href=\"https:\/\/kineaphp.fr\/?p=7906\">Crit\u00e8res d\u2019Ottawa du genou (fracture)<\/a><\/li><li class=\"listing-item\"><a class=\"title\" href=\"https:\/\/kineaphp.fr\/?p=2269\">Ege test \/ test de MCmurray en charge (m\u00e9nisque)<\/a><\/li><li class=\"listing-item\"><a class=\"title\" href=\"https:\/\/kineaphp.fr\/?p=7778\">International Knee Documentation Commitee (IKDC)<\/a><\/li><li class=\"listing-item\"><a class=\"title\" href=\"https:\/\/kineaphp.fr\/?p=2148\">Lachman test (LCA)<\/a><\/li><li class=\"listing-item\"><a class=\"title\" href=\"https:\/\/kineaphp.fr\/?p=2281\">Muller test (LCP)<\/a><\/li><li class=\"listing-item\"><a class=\"title\" href=\"https:\/\/kineaphp.fr\/?p=2277\">Noble test (syndrome de la bandelette ilio-tibiale)<\/a><\/li><li class=\"listing-item\"><a class=\"title\" href=\"https:\/\/kineaphp.fr\/?p=2152\">Pivot shift test (LCA)<\/a><\/li><li class=\"listing-item\"><a class=\"title\" href=\"https:\/\/kineaphp.fr\/?p=7780\">Score ACl-RSI (Retour au sport post LCA)<\/a><\/li><li class=\"listing-item\"><a class=\"title\" href=\"https:\/\/kineaphp.fr\/?p=2275\">Slocum test (LCA)<\/a><\/li><li class=\"listing-item\"><a class=\"title\" href=\"https:\/\/kineaphp.fr\/?p=2145\">Test d&rsquo;Apley (m\u00e9nisques\/capsulo-ligamentaire)<\/a><\/li><li class=\"listing-item\"><a class=\"title\" href=\"https:\/\/kineaphp.fr\/?p=7903\">Test de fulcrum (fracture de stress f\u00e9morale)<\/a><\/li><li class=\"listing-item\"><a class=\"title\" href=\"https:\/\/kineaphp.fr\/?p=1204\">Test de McMurray (m\u00e9nisques)<\/a><\/li><li class=\"listing-item\"><a class=\"title\" href=\"https:\/\/kineaphp.fr\/?p=7774\">Test de Noble (SBIT)<\/a><\/li><li class=\"listing-item\"><a class=\"title\" href=\"https:\/\/kineaphp.fr\/?p=2271\">Test du choc patellaire \/signe du gla\u00e7on<\/a><\/li><li class=\"listing-item\"><a class=\"title\" href=\"https:\/\/kineaphp.fr\/?p=2155\">Thessaly test (m\u00e9nisques)<\/a><\/li><li class=\"listing-item\"><a class=\"title\" href=\"https:\/\/kineaphp.fr\/?p=2150\">Tiroir ant\u00e9rieure (LCA)<\/a><\/li><\/ul>\n\n\n\n<h3 class=\"wp-block-heading\">Cheville et pied<\/h3>\n\n\n<ul class=\"display-posts-listing\"><li class=\"listing-item\"><a class=\"title\" href=\"https:\/\/kineaphp.fr\/?p=3872\">Kleiger test (syndesmose et LCM)<\/a><\/li><li class=\"listing-item\"><a class=\"title\" href=\"https:\/\/kineaphp.fr\/?p=8389\">Ankle-Go-Score<\/a><\/li><li class=\"listing-item\"><a class=\"title\" href=\"https:\/\/kineaphp.fr\/?p=8379\">ALR-RSI (retour au sport apr\u00e8s chirurgie)<\/a><\/li><li class=\"listing-item\"><a class=\"title\" href=\"https:\/\/kineaphp.fr\/?p=8365\">Crit\u00e8res de Bernese (fracture cheville)<\/a><\/li><li class=\"listing-item\"><a class=\"title\" href=\"https:\/\/kineaphp.fr\/?p=8330\">Cumberland Ankle Instability Tool (CAIT)<\/a><\/li><li class=\"listing-item\"><a class=\"title\" href=\"https:\/\/kineaphp.fr\/?p=2159\">Anterior Drawer test (LTFA)<\/a><\/li><li class=\"listing-item\"><a class=\"title\" href=\"https:\/\/kineaphp.fr\/?p=8376\">Figure en 8 (quantifier l&rsquo;oed\u00e8me de cheville)<\/a><\/li><li class=\"listing-item\"><a class=\"title\" href=\"https:\/\/kineaphp.fr\/?p=8385\">Foot and Ankle Ability Measure (FAAM)<\/a><\/li><li class=\"listing-item\"><a class=\"title\" href=\"https:\/\/kineaphp.fr\/?p=917\">Crit\u00e8res d&rsquo;Ottawa (fracture cheville)<\/a><\/li><li class=\"listing-item\"><a class=\"title\" href=\"https:\/\/kineaphp.fr\/?p=3885\">Matles test (rupture tendon calcan\u00e9en)<\/a><\/li><li class=\"listing-item\"><a class=\"title\" href=\"https:\/\/kineaphp.fr\/?p=3888\">Royal London Hospital Test (tendinopathie calcan\u00e9en)<\/a><\/li><li class=\"listing-item\"><a class=\"title\" href=\"https:\/\/kineaphp.fr\/?p=7908\">Score de Wells (TVP)<\/a><\/li><li class=\"listing-item\"><a class=\"title\" href=\"https:\/\/kineaphp.fr\/?p=3875\">Squeeze test (syndesmose)<\/a><\/li><li class=\"listing-item\"><a class=\"title\" href=\"https:\/\/kineaphp.fr\/?p=2157\">Talar tilt test (LCL et LCM)<\/a><\/li><li class=\"listing-item\"><a class=\"title\" href=\"https:\/\/kineaphp.fr\/?p=3877\">Test de translation (syndesmose)<\/a><\/li><li class=\"listing-item\"><a class=\"title\" href=\"https:\/\/kineaphp.fr\/?p=3880\">Thompson test (int\u00e9grit\u00e9 du tendon calcan\u00e9en)<\/a><\/li><li class=\"listing-item\"><a class=\"title\" href=\"https:\/\/kineaphp.fr\/?p=8371\">Weight-Bearing Lunge Test (test de fente en charge)<\/a><\/li><li class=\"listing-item\"><a class=\"title\" href=\"https:\/\/kineaphp.fr\/?p=3893\">Windlass test (fasciite plantaire)<\/a><\/li><\/ul>\n\n\n\n<h2 class=\"wp-block-heading\">Membre sup\u00e9rieur<\/h2>\n\n\n\n<h3 class=\"wp-block-heading\">Epaule<\/h3>\n\n\n<ul class=\"display-posts-listing\"><li class=\"listing-item\"><a class=\"title\" href=\"https:\/\/kineaphp.fr\/?p=4410\">Disabilities of the Arm, Shoulder and Hand (DASH)<\/a><\/li><li class=\"listing-item\"><a class=\"title\" href=\"https:\/\/kineaphp.fr\/?p=7879\">Olecrane Manubrium Percussion Test (Fracture Hum\u00e9rus)<\/a><\/li><li class=\"listing-item\"><a class=\"title\" href=\"https:\/\/kineaphp.fr\/?p=7888\">Score de Constant (Fonctionnalit\u00e9 \u00e9paule)<\/a><\/li><li class=\"listing-item\"><a class=\"title\" href=\"https:\/\/kineaphp.fr\/?p=7661\">ULNT (test de la m\u00e9canosensibilit\u00e9)<\/a><\/li><\/ul>\n\n\n\n<h3 class=\"wp-block-heading\">Coude<\/h3>\n\n\n<ul class=\"display-posts-listing\"><li class=\"listing-item\"><a class=\"title\" href=\"https:\/\/kineaphp.fr\/?p=4361\">Cozen invers\u00e9 test (tendinopathie \u00e9picondyliens m\u00e9diaux)<\/a><\/li><li class=\"listing-item\"><a class=\"title\" href=\"https:\/\/kineaphp.fr\/?p=4356\">Maudsley test (tendinopathie \u00e9picondyliens lat\u00e9raux)<\/a><\/li><li class=\"listing-item\"><a class=\"title\" href=\"https:\/\/kineaphp.fr\/?p=4364\">Mill invers\u00e9 test (tendinopathie \u00e9picondyliens m\u00e9diaux)<\/a><\/li><li class=\"listing-item\"><a class=\"title\" href=\"https:\/\/kineaphp.fr\/?p=4359\">Mill test (tendinopathie \u00e9picondyliens lat\u00e9raux)<\/a><\/li><li class=\"listing-item\"><a class=\"title\" href=\"https:\/\/kineaphp.fr\/?p=7879\">Olecrane Manubrium Percussion Test (Fracture Hum\u00e9rus)<\/a><\/li><li class=\"listing-item\"><a class=\"title\" href=\"https:\/\/kineaphp.fr\/?p=4408\">Patient-Rated Tennis Elbow Evaluation\u00a0PRTEE<\/a><\/li><li class=\"listing-item\"><a class=\"title\" href=\"https:\/\/kineaphp.fr\/?p=4374\">Scratch collapse Test (Syndrome du tunnel du nerf ulnaire)<\/a><\/li><li class=\"listing-item\"><a class=\"title\" href=\"https:\/\/kineaphp.fr\/?p=4366\">Stand up test (stabilit\u00e9)<\/a><\/li><li class=\"listing-item\"><a class=\"title\" href=\"https:\/\/kineaphp.fr\/?p=4368\">Tabletop relocation test (stabilit\u00e9)<\/a><\/li><li class=\"listing-item\"><a class=\"title\" href=\"https:\/\/kineaphp.fr\/?p=4376\">Test de flexion\/compression du coude (Syndrome  du tunnel du nerf ulnaire)<\/a><\/li><li class=\"listing-item\"><a class=\"title\" href=\"https:\/\/kineaphp.fr\/?p=4378\">Test RM de l\u2019\u00e9paule (Syndrome tunnel ulnaire)<\/a><\/li><li class=\"listing-item\"><a class=\"title\" href=\"https:\/\/kineaphp.fr\/?p=7876\">Test d&rsquo;extension de coude (fracture ol\u00e9crane)<\/a><\/li><li class=\"listing-item\"><a class=\"title\" href=\"https:\/\/kineaphp.fr\/?p=7661\">ULNT (test de la m\u00e9canosensibilit\u00e9)<\/a><\/li><li class=\"listing-item\"><a class=\"title\" href=\"https:\/\/kineaphp.fr\/?p=4350\">Valgus\/varus stress test (ligament)<\/a><\/li><\/ul>\n\n\n\n<h3 class=\"wp-block-heading\">Poignet et main<\/h3>\n\n\n<ul class=\"display-posts-listing\"><li class=\"listing-item\"><a class=\"title\" href=\"https:\/\/kineaphp.fr\/?p=4396\">Allen test (atteinte vasculaire main)<\/a><\/li><li class=\"listing-item\"><a class=\"title\" href=\"https:\/\/kineaphp.fr\/?p=4406\">Boston Carpal Tunnel Syndrome Questionnaire (BCTQ)<\/a><\/li><li class=\"listing-item\"><a class=\"title\" href=\"https:\/\/kineaphp.fr\/?p=4390\">Finkelstein test (tendinopathie de Quervain)<\/a><\/li><li class=\"listing-item\"><a class=\"title\" href=\"https:\/\/kineaphp.fr\/?p=4385\">Signe de Froment (atteinte nerf ulnaire)<\/a><\/li><li class=\"listing-item\"><a class=\"title\" href=\"https:\/\/kineaphp.fr\/?p=4398\">Muphy sign (luxation du lunatum)<\/a><\/li><li class=\"listing-item\"><a class=\"title\" href=\"https:\/\/kineaphp.fr\/?p=4382\">Test de Phalen invers\u00e9 (Canal carpien)<\/a><\/li><li class=\"listing-item\"><a class=\"title\" href=\"https:\/\/kineaphp.fr\/?p=4388\">Signe de Tinel (canal carpien)<\/a><\/li><li class=\"listing-item\"><a class=\"title\" href=\"https:\/\/kineaphp.fr\/?p=7661\">ULNT (test de la m\u00e9canosensibilit\u00e9)<\/a><\/li><li class=\"listing-item\"><a class=\"title\" href=\"https:\/\/kineaphp.fr\/?p=4392\">Watson test (instabilit\u00e9 scapho-lunaire)<\/a><\/li><li class=\"listing-item\"><a class=\"title\" href=\"https:\/\/kineaphp.fr\/?p=4400\">WHAT test (tendinite de Quervain)<\/a><\/li><\/ul>\n\n\n\n<h2 class=\"wp-block-heading\">Tronc et cou<\/h2>\n\n\n\n<h3 class=\"wp-block-heading\">Cervicale<\/h3>\n\n\n<ul class=\"display-posts-listing\"><li class=\"listing-item\"><a class=\"title\" href=\"https:\/\/kineaphp.fr\/?p=4698\">Canadian C Spine Rules (fracture)<\/a><\/li><li class=\"listing-item\"><a class=\"title\" href=\"https:\/\/kineaphp.fr\/?p=7855\">Cluster de Cook (my\u00e9lopathie cervicale)<\/a><\/li><li class=\"listing-item\"><a class=\"title\" href=\"https:\/\/kineaphp.fr\/?p=7638\">Cluster Wainner (radiculopathie cervicale)<\/a><\/li><li class=\"listing-item\"><a class=\"title\" href=\"https:\/\/kineaphp.fr\/?p=7636\">Craniocervical Flexion Test (Test des fl\u00e9chisseurs profonds)<\/a><\/li><li class=\"listing-item\"><a class=\"title\" href=\"https:\/\/kineaphp.fr\/?p=7975\">Etoile de Maigne (mobilit\u00e9 du rachis)<\/a><\/li><li class=\"listing-item\"><a class=\"title\" href=\"https:\/\/kineaphp.fr\/?p=7633\">Sharp Purser Test (ligament transverse)<\/a><\/li><li class=\"listing-item\"><a class=\"title\" href=\"https:\/\/kineaphp.fr\/?p=7650\">Test de Spurling (radiculopathie cervicale)<\/a><\/li><li class=\"listing-item\"><a class=\"title\" href=\"https:\/\/kineaphp.fr\/?p=7629\">Test du ligament alaire<\/a><\/li><\/ul>\n\n\n\n<h3 class=\"wp-block-heading\">Thoracique<\/h3>\n\n\n<ul class=\"display-posts-listing\"><li class=\"listing-item\"><a class=\"title\" href=\"https:\/\/kineaphp.fr\/?p=7975\">Etoile de Maigne (mobilit\u00e9 du rachis)<\/a><\/li><\/ul>\n\n\n\n<h2 class=\"wp-block-heading\">Lombaire<\/h2>\n\n\n<ul class=\"display-posts-listing\"><li class=\"listing-item\"><a class=\"title\" href=\"https:\/\/kineaphp.fr\/?p=7872\">Cluster de Henschke (fracture)<\/a><\/li><li class=\"listing-item\"><a class=\"title\" href=\"https:\/\/kineaphp.fr\/?p=7874\">Cluster de Roman (fracture de compression ost\u00e9oporotique)<\/a><\/li><li class=\"listing-item\"><a class=\"title\" href=\"https:\/\/kineaphp.fr\/?p=7975\">Etoile de Maigne (mobilit\u00e9 du rachis)<\/a><\/li><li class=\"listing-item\"><a class=\"title\" href=\"https:\/\/kineaphp.fr\/?p=7895\">Start Back Tool (Risque de chronicit\u00e9 en lombalgie)<\/a><\/li><li class=\"listing-item\"><a class=\"title\" href=\"https:\/\/kineaphp.fr\/?p=7990\">Test de Schober<\/a><\/li><\/ul>\n\n\n\n<h3 class=\"wp-block-heading\">Sacro-iliaque<\/h3>\n\n\n<ul class=\"display-posts-listing\"><li class=\"listing-item\"><a class=\"title\" href=\"https:\/\/kineaphp.fr\/?p=1196\">Cluster de Laslett<\/a><\/li><\/ul>\n\n\n\n<h2 class=\"wp-block-heading\">Autres<\/h2>\n\n\n\n","protected":false},"excerpt":{"rendered":"<p>Membre inf\u00e9rieur Hanche Genou Cheville et pied Membre sup\u00e9rieur Epaule Coude Poignet et main Tronc et cou Cervicale Thoracique Lombaire Sacro-iliaque Autres<\/p>\n","protected":false},"author":1,"featured_media":0,"parent":7259,"menu_order":0,"comment_status":"closed","ping_status":"closed","template":"","meta":{"footnotes":""},"class_list":["post-8308","page","type-page","status-publish","hentry"],"_links":{"self":[{"href":"https:\/\/kineaphp.fr\/index.php?rest_route=\/wp\/v2\/pages\/8308","targetHints":{"allow":["GET"]}}],"collection":[{"href":"https:\/\/kineaphp.fr\/index.php?rest_route=\/wp\/v2\/pages"}],"about":[{"href":"https:\/\/kineaphp.fr\/index.php?rest_route=\/wp\/v2\/types\/page"}],"author":[{"embeddable":true,"href":"https:\/\/kineaphp.fr\/index.php?rest_route=\/wp\/v2\/users\/1"}],"replies":[{"embeddable":true,"href":"https:\/\/kineaphp.fr\/index.php?rest_route=%2Fwp%2Fv2%2Fcomments&post=8308"}],"version-history":[{"count":8,"href":"https:\/\/kineaphp.fr\/index.php?rest_route=\/wp\/v2\/pages\/8308\/revisions"}],"predecessor-version":[{"id":8318,"href":"https:\/\/kineaphp.fr\/index.php?rest_route=\/wp\/v2\/pages\/8308\/revisions\/8318"}],"up":[{"embeddable":true,"href":"https:\/\/kineaphp.fr\/index.php?rest_route=\/wp\/v2\/pages\/7259"}],"wp:attachment":[{"href":"https:\/\/kineaphp.fr\/index.php?rest_route=%2Fwp%2Fv2%2Fmedia&parent=8308"}],"curies":[{"name":"wp","href":"https:\/\/api.w.org\/{rel}","templated":true}]}}