{"id":7267,"date":"2026-01-02T07:31:55","date_gmt":"2026-01-02T06:31:55","guid":{"rendered":"https:\/\/kineaphp.fr\/?page_id=7267"},"modified":"2026-01-02T07:31:55","modified_gmt":"2026-01-02T06:31:55","slug":"pathologies-articulaires","status":"publish","type":"page","link":"https:\/\/kineaphp.fr\/?page_id=7267","title":{"rendered":"Pathologies articulaires"},"content":{"rendered":"<ul class=\"display-posts-listing\"><li class=\"listing-item\"><a class=\"title\" href=\"https:\/\/kineaphp.fr\/?p=3731\">Arthropathies microcristallines<\/a><\/li><li class=\"listing-item\"><a class=\"title\" href=\"https:\/\/kineaphp.fr\/?p=3721\">Pseudo polyarthrite rhizom\u00e9lique (PPR) et maladie de Horton (vascularite \u00e0 c\u00e9phal\u00e9es)<\/a><\/li><li class=\"listing-item\"><a class=\"title\" href=\"https:\/\/kineaphp.fr\/?p=3712\">Spondyloarthropathies<\/a><\/li><li class=\"listing-item\"><a class=\"title\" href=\"https:\/\/kineaphp.fr\/?p=3691\">Polyarthrite rhumato\u00efde<\/a><\/li><li class=\"listing-item\"><a class=\"title\" href=\"https:\/\/kineaphp.fr\/?p=3677\">Introduction aux pathologies articulaires inflammatoires<\/a><\/li><li class=\"listing-item\"><a class=\"title\" href=\"https:\/\/kineaphp.fr\/?p=3396\">Le syndrome douloureux r\u00e9gional complexe (SDRC)<\/a><\/li><\/ul>\n","protected":false},"excerpt":{"rendered":"","protected":false},"author":1,"featured_media":0,"parent":7259,"menu_order":0,"comment_status":"closed","ping_status":"closed","template":"","meta":{"footnotes":""},"class_list":["post-7267","page","type-page","status-publish","hentry"],"_links":{"self":[{"href":"https:\/\/kineaphp.fr\/index.php?rest_route=\/wp\/v2\/pages\/7267","targetHints":{"allow":["GET"]}}],"collection":[{"href":"https:\/\/kineaphp.fr\/index.php?rest_route=\/wp\/v2\/pages"}],"about":[{"href":"https:\/\/kineaphp.fr\/index.php?rest_route=\/wp\/v2\/types\/page"}],"author":[{"embeddable":true,"href":"https:\/\/kineaphp.fr\/index.php?rest_route=\/wp\/v2\/users\/1"}],"replies":[{"embeddable":true,"href":"https:\/\/kineaphp.fr\/index.php?rest_route=%2Fwp%2Fv2%2Fcomments&post=7267"}],"version-history":[{"count":2,"href":"https:\/\/kineaphp.fr\/index.php?rest_route=\/wp\/v2\/pages\/7267\/revisions"}],"predecessor-version":[{"id":7626,"href":"https:\/\/kineaphp.fr\/index.php?rest_route=\/wp\/v2\/pages\/7267\/revisions\/7626"}],"up":[{"embeddable":true,"href":"https:\/\/kineaphp.fr\/index.php?rest_route=\/wp\/v2\/pages\/7259"}],"wp:attachment":[{"href":"https:\/\/kineaphp.fr\/index.php?rest_route=%2Fwp%2Fv2%2Fmedia&parent=7267"}],"curies":[{"name":"wp","href":"https:\/\/api.w.org\/{rel}","templated":true}]}}