{"id":7263,"date":"2025-12-27T09:30:37","date_gmt":"2025-12-27T08:30:37","guid":{"rendered":"https:\/\/kineaphp.fr\/?page_id=7263"},"modified":"2026-01-01T19:00:50","modified_gmt":"2026-01-01T18:00:50","slug":"membre-superieur","status":"publish","type":"page","link":"https:\/\/kineaphp.fr\/?page_id=7263","title":{"rendered":"Membre sup\u00e9rieur"},"content":{"rendered":"\n<h2 class=\"wp-block-heading\">R\u00e9gion de l&rsquo;\u00e9paule<\/h2>\n\n\n\n<h3 class=\"wp-block-heading\">G\u00e9n\u00e9ralit\u00e9s sur l&rsquo;\u00e9paule<\/h3>\n\n\n<ul class=\"display-posts-listing\"><li class=\"listing-item\"><a class=\"title\" href=\"https:\/\/kineaphp.fr\/?p=7849\">Amplitudes \u00e9paule<\/a><\/li><li class=\"listing-item\"><a class=\"title\" href=\"https:\/\/kineaphp.fr\/?p=5838\">Rythme scapulo-hum\u00e9ral<\/a><\/li><\/ul>\n\n\n\n<h3 class=\"wp-block-heading\">Examen clinique de l&rsquo;\u00e9paule<\/h3>\n\n\n<ul class=\"display-posts-listing\"><li class=\"listing-item\"><a class=\"title\" href=\"https:\/\/kineaphp.fr\/?p=7888\">Score de Constant (Fonctionnalit\u00e9 \u00e9paule)<\/a><\/li><li class=\"listing-item\"><a class=\"title\" href=\"https:\/\/kineaphp.fr\/?p=7879\">Olecrane Manubrium Percussion Test (Fracture Hum\u00e9rus)<\/a><\/li><li class=\"listing-item\"><a class=\"title\" href=\"https:\/\/kineaphp.fr\/?p=7661\">ULNT (test de la m\u00e9canosensibilit\u00e9)<\/a><\/li><li class=\"listing-item\"><a class=\"title\" href=\"https:\/\/kineaphp.fr\/?p=4410\">Disabilities of the Arm, Shoulder and Hand (DASH)<\/a><\/li><\/ul>\n\n\n\n<h3 class=\"wp-block-heading\">Pathologie de l&rsquo;\u00e9paule<\/h3>\n\n\n<ul class=\"display-posts-listing\"><li class=\"listing-item\"><a class=\"title\" href=\"https:\/\/kineaphp.fr\/?p=7298\">Douleur visc\u00e9rale r\u00e9f\u00e9r\u00e9e \u00e0 l&rsquo;\u00e9paule droite<\/a><\/li><li class=\"listing-item\"><a class=\"title\" href=\"https:\/\/kineaphp.fr\/?p=7293\">Dystrophie facio-scapulo-hum\u00e9rale<\/a><\/li><li class=\"listing-item\"><a class=\"title\" href=\"https:\/\/kineaphp.fr\/?p=7203\">Instabilit\u00e9 d&rsquo;\u00e9paule<\/a><\/li><li class=\"listing-item\"><a class=\"title\" href=\"https:\/\/kineaphp.fr\/?p=7185\">Capsulite r\u00e9tractile<\/a><\/li><li class=\"listing-item\"><a class=\"title\" href=\"https:\/\/kineaphp.fr\/?p=7143\">Tendinopathie de la coiffe des rotateurs<\/a><\/li><li class=\"listing-item\"><a class=\"title\" href=\"https:\/\/kineaphp.fr\/?p=6793\">Epaule &#8211; Evaluation et traitement par Jo Gibson<\/a><\/li><li class=\"listing-item\"><a class=\"title\" href=\"https:\/\/kineaphp.fr\/?p=4614\">Proth\u00e8se invers\u00e9e d&rsquo;\u00e9paule<\/a><\/li><li class=\"listing-item\"><a class=\"title\" href=\"https:\/\/kineaphp.fr\/?p=2629\">N\u00e9vralgie tronculaire (Parsonage Turner)<\/a><\/li><li class=\"listing-item\"><a class=\"title\" href=\"https:\/\/kineaphp.fr\/?p=2627\">Syndrome de la travers\u00e9e thoraco-brachiale (STTB)<\/a><\/li><\/ul>\n\n\n\n<h3 class=\"wp-block-heading\">Traitement de l&rsquo;\u00e9paule<\/h3>\n\n\n\n<div class=\"wp-block-columns is-layout-flex wp-container-core-columns-is-layout-9d6595d7 wp-block-columns-is-layout-flex\">\n<div class=\"wp-block-column is-layout-flow wp-block-column-is-layout-flow\">\n<h4 class=\"wp-block-heading\">Traitement actif de l&rsquo;\u00e9paule<\/h4>\n\n\n\n<\/div>\n\n\n\n<div class=\"wp-block-column is-layout-flow wp-block-column-is-layout-flow\">\n<h4 class=\"wp-block-heading\">Traitement passif de l&rsquo;\u00e9paule<\/h4>\n\n\n\n<\/div>\n<\/div>\n\n\n\n<hr class=\"wp-block-separator has-alpha-channel-opacity\"\/>\n\n\n\n<h2 class=\"wp-block-heading\">R\u00e9gion du coude<\/h2>\n\n\n\n<h3 class=\"wp-block-heading\">G\u00e9n\u00e9ralit\u00e9s sur le coude<\/h3>\n\n\n\n\n\n\n<h3 class=\"wp-block-heading\">Examen clinique du coude<\/h3>\n\n\n<ul class=\"display-posts-listing\"><li class=\"listing-item\"><a class=\"title\" href=\"https:\/\/kineaphp.fr\/?p=7879\">Olecrane Manubrium Percussion Test (Fracture Hum\u00e9rus)<\/a><\/li><li class=\"listing-item\"><a class=\"title\" href=\"https:\/\/kineaphp.fr\/?p=7876\">Test d&rsquo;extension de coude (fracture ol\u00e9crane)<\/a><\/li><li class=\"listing-item\"><a class=\"title\" href=\"https:\/\/kineaphp.fr\/?p=7661\">ULNT (test de la m\u00e9canosensibilit\u00e9)<\/a><\/li><li class=\"listing-item\"><a class=\"title\" href=\"https:\/\/kineaphp.fr\/?p=4408\">Patient-Rated Tennis Elbow Evaluation\u00a0PRTEE<\/a><\/li><li class=\"listing-item\"><a class=\"title\" href=\"https:\/\/kineaphp.fr\/?p=4378\">Test RM de l\u2019\u00e9paule (Syndrome tunnel ulnaire)<\/a><\/li><li class=\"listing-item\"><a class=\"title\" href=\"https:\/\/kineaphp.fr\/?p=4376\">Test de flexion\/compression du coude (Syndrome  du tunnel du nerf ulnaire)<\/a><\/li><li class=\"listing-item\"><a class=\"title\" href=\"https:\/\/kineaphp.fr\/?p=4374\">Scratch collapse Test (Syndrome du tunnel du nerf ulnaire)<\/a><\/li><li class=\"listing-item\"><a class=\"title\" href=\"https:\/\/kineaphp.fr\/?p=4368\">Tabletop relocation test (stabilit\u00e9)<\/a><\/li><li class=\"listing-item\"><a class=\"title\" href=\"https:\/\/kineaphp.fr\/?p=4366\">Stand up test (stabilit\u00e9)<\/a><\/li><li class=\"listing-item\"><a class=\"title\" href=\"https:\/\/kineaphp.fr\/?p=4364\">Mill invers\u00e9 test (tendinopathie \u00e9picondyliens m\u00e9diaux)<\/a><\/li><\/ul>\n\n\n\n<h3 class=\"wp-block-heading\">Pathologie du coude<\/h3>\n\n\n<ul class=\"display-posts-listing\"><li class=\"listing-item\"><a class=\"title\" href=\"https:\/\/kineaphp.fr\/?p=2623\">Syndrome des loges<\/a><\/li><li class=\"listing-item\"><a class=\"title\" href=\"https:\/\/kineaphp.fr\/?p=2621\">Luxation<\/a><\/li><li class=\"listing-item\"><a class=\"title\" href=\"https:\/\/kineaphp.fr\/?p=2619\">Arthropathie<\/a><\/li><li class=\"listing-item\"><a class=\"title\" href=\"https:\/\/kineaphp.fr\/?p=2617\">Epicondylalgie m\u00e9diale et lat\u00e9rale<\/a><\/li><li class=\"listing-item\"><a class=\"title\" href=\"https:\/\/kineaphp.fr\/?p=2615\">Entorse collat\u00e9rale<\/a><\/li><li class=\"listing-item\"><a class=\"title\" href=\"https:\/\/kineaphp.fr\/?p=735\">Tendinopathie du coude (golf elbow)<\/a><\/li><\/ul>\n\n\n\n<h3 class=\"wp-block-heading\">Traitement du coude<\/h3>\n\n\n\n<div class=\"wp-block-columns is-layout-flex wp-container-core-columns-is-layout-9d6595d7 wp-block-columns-is-layout-flex\">\n<div class=\"wp-block-column is-layout-flow wp-block-column-is-layout-flow\">\n<h4 class=\"wp-block-heading\">Traitement actif du coude<\/h4>\n\n\n\n<\/div>\n\n\n\n<div class=\"wp-block-column is-layout-flow wp-block-column-is-layout-flow\">\n<h4 class=\"wp-block-heading\">Traitement passif du coude<\/h4>\n\n\n\n<\/div>\n<\/div>\n\n\n\n<hr class=\"wp-block-separator has-alpha-channel-opacity\"\/>\n\n\n\n<h2 class=\"wp-block-heading\">R\u00e9gion du poignet et de la main<\/h2>\n\n\n\n<h3 class=\"wp-block-heading\">G\u00e9n\u00e9ralit\u00e9s sur le poignet et de la main<\/h3>\n\n\n<ul class=\"display-posts-listing\"><li class=\"listing-item\"><a class=\"title\" href=\"https:\/\/kineaphp.fr\/?p=7845\">Amplitude poignet et main<\/a><\/li><\/ul>\n\n\n\n<h3 class=\"wp-block-heading\">Examen clinique du poignet et de la main<\/h3>\n\n\n<ul class=\"display-posts-listing\"><li class=\"listing-item\"><a class=\"title\" href=\"https:\/\/kineaphp.fr\/?p=7661\">ULNT (test de la m\u00e9canosensibilit\u00e9)<\/a><\/li><li class=\"listing-item\"><a class=\"title\" href=\"https:\/\/kineaphp.fr\/?p=4406\">Boston Carpal Tunnel Syndrome Questionnaire (BCTQ)<\/a><\/li><li class=\"listing-item\"><a class=\"title\" href=\"https:\/\/kineaphp.fr\/?p=4400\">WHAT test (tendinite de Quervain)<\/a><\/li><li class=\"listing-item\"><a class=\"title\" href=\"https:\/\/kineaphp.fr\/?p=4398\">Muphy sign (luxation du lunatum)<\/a><\/li><li class=\"listing-item\"><a class=\"title\" href=\"https:\/\/kineaphp.fr\/?p=4396\">Allen test (atteinte vasculaire main)<\/a><\/li><li class=\"listing-item\"><a class=\"title\" href=\"https:\/\/kineaphp.fr\/?p=4392\">Watson test (instabilit\u00e9 scapho-lunaire)<\/a><\/li><li class=\"listing-item\"><a class=\"title\" href=\"https:\/\/kineaphp.fr\/?p=4390\">Finkelstein test (tendinopathie de Quervain)<\/a><\/li><li class=\"listing-item\"><a class=\"title\" href=\"https:\/\/kineaphp.fr\/?p=4388\">Signe de Tinel (canal carpien)<\/a><\/li><li class=\"listing-item\"><a class=\"title\" href=\"https:\/\/kineaphp.fr\/?p=4385\">Signe de Froment (atteinte nerf ulnaire)<\/a><\/li><li class=\"listing-item\"><a class=\"title\" href=\"https:\/\/kineaphp.fr\/?p=4382\">Test de Phalen invers\u00e9 (Canal carpien)<\/a><\/li><\/ul>\n\n\n\n<h3 class=\"wp-block-heading\">Pathologie  du poignet et de la main<\/h3>\n\n\n<ul class=\"display-posts-listing\"><li class=\"listing-item\"><a class=\"title\" href=\"https:\/\/kineaphp.fr\/?p=7742\">Fracture du scapho\u00efde<\/a><\/li><li class=\"listing-item\"><a class=\"title\" href=\"https:\/\/kineaphp.fr\/?p=7734\">Fracture de Pouteau-Colles<\/a><\/li><li class=\"listing-item\"><a class=\"title\" href=\"https:\/\/kineaphp.fr\/?p=7723\">T\u00e9nosynovite de De Quervain<\/a><\/li><li class=\"listing-item\"><a class=\"title\" href=\"https:\/\/kineaphp.fr\/?p=5533\">Arthrose du pouce (rizarthrose)<\/a><\/li><li class=\"listing-item\"><a class=\"title\" href=\"https:\/\/kineaphp.fr\/?p=5528\">Entorse du ligament collat\u00e9ral ulnaire du pouce (pouce du skieur)<\/a><\/li><li class=\"listing-item\"><a class=\"title\" href=\"https:\/\/kineaphp.fr\/?p=3691\">Polyarthrite rhumato\u00efde<\/a><\/li><\/ul>\n\n\n\n<h3 class=\"wp-block-heading\">Traitement  du poignet et de la main<\/h3>\n\n\n\n<div class=\"wp-block-columns is-layout-flex wp-container-core-columns-is-layout-9d6595d7 wp-block-columns-is-layout-flex\">\n<div class=\"wp-block-column is-layout-flow wp-block-column-is-layout-flow\">\n<h4 class=\"wp-block-heading\">Traitement actif poignet et main<\/h4>\n\n\n\n<\/div>\n\n\n\n<div class=\"wp-block-column is-layout-flow wp-block-column-is-layout-flow\">\n<h4 class=\"wp-block-heading\">Traitement passif poignet et main<\/h4>\n\n\n\n<\/div>\n<\/div>\n\n\n\n<p><\/p>\n","protected":false},"excerpt":{"rendered":"<p>R\u00e9gion de l&rsquo;\u00e9paule G\u00e9n\u00e9ralit\u00e9s sur l&rsquo;\u00e9paule Examen clinique de l&rsquo;\u00e9paule Pathologie de l&rsquo;\u00e9paule Traitement de l&rsquo;\u00e9paule Traitement actif de l&rsquo;\u00e9paule Traitement passif de l&rsquo;\u00e9paule R\u00e9gion du coude G\u00e9n\u00e9ralit\u00e9s sur le coude Examen clinique du coude&hellip;<\/p>\n<p class=\"more-link-wrapper\"><a href=\"https:\/\/kineaphp.fr\/?p=3691\" class=\"more-link\">Continue Reading<span class=\"screen-reader-text\"> \u00ab\u00a0Polyarthrite rhumato\u00efde\u00a0\u00bb<\/span><\/a><\/p>\n","protected":false},"author":1,"featured_media":0,"parent":7259,"menu_order":0,"comment_status":"closed","ping_status":"closed","template":"","meta":{"footnotes":""},"class_list":["post-7263","page","type-page","status-publish","hentry"],"_links":{"self":[{"href":"https:\/\/kineaphp.fr\/index.php?rest_route=\/wp\/v2\/pages\/7263","targetHints":{"allow":["GET"]}}],"collection":[{"href":"https:\/\/kineaphp.fr\/index.php?rest_route=\/wp\/v2\/pages"}],"about":[{"href":"https:\/\/kineaphp.fr\/index.php?rest_route=\/wp\/v2\/types\/page"}],"author":[{"embeddable":true,"href":"https:\/\/kineaphp.fr\/index.php?rest_route=\/wp\/v2\/users\/1"}],"replies":[{"embeddable":true,"href":"https:\/\/kineaphp.fr\/index.php?rest_route=%2Fwp%2Fv2%2Fcomments&post=7263"}],"version-history":[{"count":9,"href":"https:\/\/kineaphp.fr\/index.php?rest_route=\/wp\/v2\/pages\/7263\/revisions"}],"predecessor-version":[{"id":7566,"href":"https:\/\/kineaphp.fr\/index.php?rest_route=\/wp\/v2\/pages\/7263\/revisions\/7566"}],"up":[{"embeddable":true,"href":"https:\/\/kineaphp.fr\/index.php?rest_route=\/wp\/v2\/pages\/7259"}],"wp:attachment":[{"href":"https:\/\/kineaphp.fr\/index.php?rest_route=%2Fwp%2Fv2%2Fmedia&parent=7263"}],"curies":[{"name":"wp","href":"https:\/\/api.w.org\/{rel}","templated":true}]}}