{"id":7261,"date":"2025-12-27T09:30:17","date_gmt":"2025-12-27T08:30:17","guid":{"rendered":"https:\/\/kineaphp.fr\/?page_id=7261"},"modified":"2026-01-07T15:36:41","modified_gmt":"2026-01-07T14:36:41","slug":"membre-inferieur","status":"publish","type":"page","link":"https:\/\/kineaphp.fr\/?page_id=7261","title":{"rendered":"Membre inf\u00e9rieur"},"content":{"rendered":"\n<h2 class=\"wp-block-heading\">R\u00e9gion de la hanche<\/h2>\n\n\n\n<h3 class=\"wp-block-heading\">G\u00e9n\u00e9ralit\u00e9s sur la hanche<\/h3>\n\n\n<ul class=\"display-posts-listing\"><li class=\"listing-item\"><a class=\"title\" href=\"https:\/\/kineaphp.fr\/?p=5782\">Amplitudes de la hanche<\/a><\/li><\/ul>\n\n\n\n<h3 class=\"wp-block-heading\">Examens cliniques<\/h3>\n\n\n<ul class=\"display-posts-listing\"><li class=\"listing-item\"><a class=\"title\" href=\"https:\/\/kineaphp.fr\/?p=4427\">Cluster de Sutlive (arthrose)<\/a><\/li><li class=\"listing-item\"><a class=\"title\" href=\"https:\/\/kineaphp.fr\/?p=3949\">FABER<\/a><\/li><li class=\"listing-item\"><a class=\"title\" href=\"https:\/\/kineaphp.fr\/?p=3947\">FADIR<\/a><\/li><li class=\"listing-item\"><a class=\"title\" href=\"https:\/\/kineaphp.fr\/?p=3956\">Fulcrum test (fracture)<\/a><\/li><li class=\"listing-item\"><a class=\"title\" href=\"https:\/\/kineaphp.fr\/?p=4425\">Scour test<\/a><\/li><li class=\"listing-item\"><a class=\"title\" href=\"https:\/\/kineaphp.fr\/?p=4422\">Mcarthy test (L\u00e9sion du labrum)<\/a><\/li><li class=\"listing-item\"><a class=\"title\" href=\"https:\/\/kineaphp.fr\/?p=4429\">Test de L\u00e9ri (Nerf f\u00e9moral)<\/a><\/li><li class=\"listing-item\"><a class=\"title\" href=\"https:\/\/kineaphp.fr\/?p=7903\">Test de fulcrum (fracture de stress f\u00e9morale)<\/a><\/li><li class=\"listing-item\"><a class=\"title\" href=\"https:\/\/kineaphp.fr\/?p=7900\">Test de percussion patellaire (fracture de hanche)<\/a><\/li><\/ul>\n\n\n\n<h3 class=\"wp-block-heading\">Les pathologies de la hanche<\/h3>\n\n\n<ul class=\"display-posts-listing\"><li class=\"listing-item\"><a class=\"title\" href=\"https:\/\/kineaphp.fr\/?p=1736\">Coxarthrose non-op\u00e9r\u00e9e<\/a><\/li><li class=\"listing-item\"><a class=\"title\" href=\"https:\/\/kineaphp.fr\/?p=3609\">L\u00e9sion du labrum<\/a><\/li><li class=\"listing-item\"><a class=\"title\" href=\"https:\/\/kineaphp.fr\/?p=1734\">Luxation de la hanche<\/a><\/li><li class=\"listing-item\"><a class=\"title\" href=\"https:\/\/kineaphp.fr\/?p=2613\">Neuropathie canalaire (syndrome canalaire)<\/a><\/li><li class=\"listing-item\"><a class=\"title\" href=\"https:\/\/kineaphp.fr\/?p=3601\">Ost\u00e9ochondrite<\/a><\/li><li class=\"listing-item\"><a class=\"title\" href=\"https:\/\/kineaphp.fr\/?p=1746\">Ost\u00e9on\u00e9crose de la t\u00eate f\u00e9morale<\/a><\/li><li class=\"listing-item\"><a class=\"title\" href=\"https:\/\/kineaphp.fr\/?p=1738\">Proth\u00e8se totale de hanche<\/a><\/li><li class=\"listing-item\"><a class=\"title\" href=\"https:\/\/kineaphp.fr\/?p=1744\">Pubalgie<\/a><\/li><li class=\"listing-item\"><a class=\"title\" href=\"https:\/\/kineaphp.fr\/?p=2633\">Syndromes myo-fasciaux<\/a><\/li><li class=\"listing-item\"><a class=\"title\" href=\"https:\/\/kineaphp.fr\/?p=1740\">Tendinopathie du moyen fessier<\/a><\/li><li class=\"listing-item\"><a class=\"title\" href=\"https:\/\/kineaphp.fr\/?p=1742\">Tendinopathie proximal des ischio-jambiers<\/a><\/li><\/ul>\n\n\n\n<h3 class=\"wp-block-heading\">Traitement hanche<\/h3>\n\n\n\n<div class=\"wp-block-columns is-layout-flex wp-container-core-columns-is-layout-9d6595d7 wp-block-columns-is-layout-flex\">\n<div class=\"wp-block-column is-layout-flow wp-block-column-is-layout-flow\">\n<h4 class=\"wp-block-heading\">Traitement actif<\/h4>\n\n\n<ul class=\"display-posts-listing\"><li class=\"listing-item\"><a class=\"title\" href=\"https:\/\/kineaphp.fr\/?p=8447\">Nordic hamstring (ischio-jambiers)<\/a><\/li><li class=\"listing-item\"><a class=\"title\" href=\"https:\/\/kineaphp.fr\/?p=8455\">Renforcement ischio-jambiers<\/a><\/li><li class=\"listing-item\"><a class=\"title\" href=\"https:\/\/kineaphp.fr\/?p=8475\">Romanian dead lift (ischio-jambiers)<\/a><\/li><\/ul>\n<\/div>\n\n\n\n<div class=\"wp-block-column is-layout-flow wp-block-column-is-layout-flow\">\n<h4 class=\"wp-block-heading\">Traitement passif<\/h4>\n\n\n<ul class=\"display-posts-listing\"><li class=\"listing-item\"><a class=\"title\" href=\"https:\/\/kineaphp.fr\/?p=6634\">Etirement des ischio-jambiers<\/a><\/li><li class=\"listing-item\"><a class=\"title\" href=\"https:\/\/kineaphp.fr\/?p=6636\">Etirement du moyen fessier<\/a><\/li><li class=\"listing-item\"><a class=\"title\" href=\"https:\/\/kineaphp.fr\/?p=6622\">Etirement des adducteurs<\/a><\/li><li class=\"listing-item\"><a class=\"title\" href=\"https:\/\/kineaphp.fr\/?p=6610\">Mobilisations sp\u00e9cifiques de la hanche<\/a><\/li><\/ul>\n<\/div>\n<\/div>\n\n\n\n<h2 class=\"wp-block-heading\">R\u00e9gion du genou<\/h2>\n\n\n\n<h3 class=\"wp-block-heading\">G\u00e9n\u00e9ralit\u00e9s sur le genou<\/h3>\n\n\n<ul class=\"display-posts-listing\"><li class=\"listing-item\"><a class=\"title\" href=\"https:\/\/kineaphp.fr\/?p=7842\">Amplitudes du genou<\/a><\/li><\/ul>\n\n\n\n<h3 class=\"wp-block-heading\">Examens cliniques<\/h3>\n\n\n<ul class=\"display-posts-listing\"><li class=\"listing-item\"><a class=\"title\" href=\"https:\/\/kineaphp.fr\/?p=7906\">Crit\u00e8res d\u2019Ottawa du genou (fracture)<\/a><\/li><li class=\"listing-item\"><a class=\"title\" href=\"https:\/\/kineaphp.fr\/?p=2269\">Ege test \/ test de MCmurray en charge (m\u00e9nisque)<\/a><\/li><li class=\"listing-item\"><a class=\"title\" href=\"https:\/\/kineaphp.fr\/?p=7778\">International Knee Documentation Commitee (IKDC)<\/a><\/li><li class=\"listing-item\"><a class=\"title\" href=\"https:\/\/kineaphp.fr\/?p=2148\">Lachman test (LCA)<\/a><\/li><li class=\"listing-item\"><a class=\"title\" href=\"https:\/\/kineaphp.fr\/?p=2281\">Muller test (LCP)<\/a><\/li><li class=\"listing-item\"><a class=\"title\" href=\"https:\/\/kineaphp.fr\/?p=2277\">Noble test (syndrome de la bandelette ilio-tibiale)<\/a><\/li><li class=\"listing-item\"><a class=\"title\" href=\"https:\/\/kineaphp.fr\/?p=2152\">Pivot shift test (LCA)<\/a><\/li><li class=\"listing-item\"><a class=\"title\" href=\"https:\/\/kineaphp.fr\/?p=7780\">Score ACl-RSI (Retour au sport post LCA)<\/a><\/li><li class=\"listing-item\"><a class=\"title\" href=\"https:\/\/kineaphp.fr\/?p=2275\">Slocum test (LCA)<\/a><\/li><li class=\"listing-item\"><a class=\"title\" href=\"https:\/\/kineaphp.fr\/?p=2145\">Test d&rsquo;Apley (m\u00e9nisques\/capsulo-ligamentaire)<\/a><\/li><li class=\"listing-item\"><a class=\"title\" href=\"https:\/\/kineaphp.fr\/?p=7903\">Test de fulcrum (fracture de stress f\u00e9morale)<\/a><\/li><li class=\"listing-item\"><a class=\"title\" href=\"https:\/\/kineaphp.fr\/?p=1204\">Test de McMurray (m\u00e9nisques)<\/a><\/li><li class=\"listing-item\"><a class=\"title\" href=\"https:\/\/kineaphp.fr\/?p=7774\">Test de Noble (SBIT)<\/a><\/li><li class=\"listing-item\"><a class=\"title\" href=\"https:\/\/kineaphp.fr\/?p=2271\">Test du choc patellaire \/signe du gla\u00e7on<\/a><\/li><li class=\"listing-item\"><a class=\"title\" href=\"https:\/\/kineaphp.fr\/?p=2155\">Thessaly test (m\u00e9nisques)<\/a><\/li><li class=\"listing-item\"><a class=\"title\" href=\"https:\/\/kineaphp.fr\/?p=2150\">Tiroir ant\u00e9rieure (LCA)<\/a><\/li><\/ul>\n\n\n\n<h3 class=\"wp-block-heading\">Les pathologies du genou<\/h3>\n\n\n<ul class=\"display-posts-listing\"><li class=\"listing-item\"><a class=\"title\" href=\"https:\/\/kineaphp.fr\/?p=2573\">Entorse des ligaments collat\u00e9raux<\/a><\/li><li class=\"listing-item\"><a class=\"title\" href=\"https:\/\/kineaphp.fr\/?p=2575\">Fracture de stress f\u00e9morale<\/a><\/li><li class=\"listing-item\"><a class=\"title\" href=\"https:\/\/kineaphp.fr\/?p=2567\">Gonarthrose non op\u00e9r\u00e9e<\/a><\/li><li class=\"listing-item\"><a class=\"title\" href=\"https:\/\/kineaphp.fr\/?p=2571\">L\u00e9sion myo-apon\u00e9vrotique des IJ<\/a><\/li><li class=\"listing-item\"><a class=\"title\" href=\"https:\/\/kineaphp.fr\/?p=1436\">Ligament crois\u00e9 ant\u00e9rieur (LCA)<\/a><\/li><li class=\"listing-item\"><a class=\"title\" href=\"https:\/\/kineaphp.fr\/?p=6413\">Ligament crois\u00e9 ant\u00e9rieur &#8211; Recommandation<\/a><\/li><li class=\"listing-item\"><a class=\"title\" href=\"https:\/\/kineaphp.fr\/?p=3203\">Luxation et instabilit\u00e9 patellaire<\/a><\/li><li class=\"listing-item\"><a class=\"title\" href=\"https:\/\/kineaphp.fr\/?p=5538\">Maladie d&rsquo;Osgood-Schlatter<\/a><\/li><li class=\"listing-item\"><a class=\"title\" href=\"https:\/\/kineaphp.fr\/?p=1432\">M\u00e9nisques du genou<\/a><\/li><li class=\"listing-item\"><a class=\"title\" href=\"https:\/\/kineaphp.fr\/?p=2613\">Neuropathie canalaire (syndrome canalaire)<\/a><\/li><li class=\"listing-item\"><a class=\"title\" href=\"https:\/\/kineaphp.fr\/?p=2603\">Syndrome de la bandelette Ilio-tibial<\/a><\/li><li class=\"listing-item\"><a class=\"title\" href=\"https:\/\/kineaphp.fr\/?p=2625\">Syndrome des loges<\/a><\/li><li class=\"listing-item\"><a class=\"title\" href=\"https:\/\/kineaphp.fr\/?p=2569\">Syndrome f\u00e9moro-patellaire<\/a><\/li><li class=\"listing-item\"><a class=\"title\" href=\"https:\/\/kineaphp.fr\/?p=5544\">Tendinopathie quadricipitale et patellaire<\/a><\/li><\/ul>\n\n\n\n<h3 class=\"wp-block-heading\">R\u00e9\u00e9ducation du genou<\/h3>\n\n\n\n<div class=\"wp-block-columns is-layout-flex wp-container-core-columns-is-layout-9d6595d7 wp-block-columns-is-layout-flex\">\n<div class=\"wp-block-column is-layout-flow wp-block-column-is-layout-flow\">\n<h4 class=\"wp-block-heading\">Traitement actif<\/h4>\n\n\n<ul class=\"display-posts-listing\"><li class=\"listing-item\"><a class=\"title\" href=\"https:\/\/kineaphp.fr\/?p=8477\">R\u00e9\u00e9ducation post-chirurgie LCA &#8211; Phase 1<\/a><\/li><li class=\"listing-item\"><a class=\"title\" href=\"https:\/\/kineaphp.fr\/?p=8510\">R\u00e9\u00e9ducation post-chirurgie LCA &#8211; Phase 2<\/a><\/li><li class=\"listing-item\"><a class=\"title\" href=\"https:\/\/kineaphp.fr\/?p=8543\">R\u00e9\u00e9ducation post-chirurgie LCA &#8211; Phase 3<\/a><\/li><li class=\"listing-item\"><a class=\"title\" href=\"https:\/\/kineaphp.fr\/?p=8645\">R\u00e9\u00e9ducation post-chirurgie LCA \u2013 Phase 4<\/a><\/li><\/ul>\n<\/div>\n\n\n\n<div class=\"wp-block-column is-layout-flow wp-block-column-is-layout-flow\">\n<h4 class=\"wp-block-heading\">Traitement passif<\/h4>\n\n\n<ul class=\"display-posts-listing\"><li class=\"listing-item\"><a class=\"title\" href=\"https:\/\/kineaphp.fr\/?p=6608\">Mobilisations sp\u00e9cifiques du genou<\/a><\/li><\/ul>\n<\/div>\n<\/div>\n\n\n\n<h2 class=\"wp-block-heading\">R\u00e9gion de la cheville et du pied<\/h2>\n\n\n\n<h3 class=\"wp-block-heading\">G\u00e9n\u00e9ralit\u00e9s sur la cheville et le pied<\/h3>\n\n\n\n\n\n\n<h3 class=\"wp-block-heading\">Examens cliniques<\/h3>\n\n\n<ul class=\"display-posts-listing\"><li class=\"listing-item\"><a class=\"title\" href=\"https:\/\/kineaphp.fr\/?p=3872\">Kleiger test (syndesmose et LCM)<\/a><\/li><li class=\"listing-item\"><a class=\"title\" href=\"https:\/\/kineaphp.fr\/?p=8389\">Ankle-Go-Score<\/a><\/li><li class=\"listing-item\"><a class=\"title\" href=\"https:\/\/kineaphp.fr\/?p=8379\">ALR-RSI (retour au sport apr\u00e8s chirurgie)<\/a><\/li><li class=\"listing-item\"><a class=\"title\" href=\"https:\/\/kineaphp.fr\/?p=8365\">Crit\u00e8res de Bernese (fracture cheville)<\/a><\/li><li class=\"listing-item\"><a class=\"title\" href=\"https:\/\/kineaphp.fr\/?p=8330\">Cumberland Ankle Instability Tool (CAIT)<\/a><\/li><li class=\"listing-item\"><a class=\"title\" href=\"https:\/\/kineaphp.fr\/?p=2159\">Anterior Drawer test (LTFA)<\/a><\/li><li class=\"listing-item\"><a class=\"title\" href=\"https:\/\/kineaphp.fr\/?p=8376\">Figure en 8 (quantifier l&rsquo;oed\u00e8me de cheville)<\/a><\/li><li class=\"listing-item\"><a class=\"title\" href=\"https:\/\/kineaphp.fr\/?p=8385\">Foot and Ankle Ability Measure (FAAM)<\/a><\/li><li class=\"listing-item\"><a class=\"title\" href=\"https:\/\/kineaphp.fr\/?p=917\">Crit\u00e8res d&rsquo;Ottawa (fracture cheville)<\/a><\/li><li class=\"listing-item\"><a class=\"title\" href=\"https:\/\/kineaphp.fr\/?p=3885\">Matles test (rupture tendon calcan\u00e9en)<\/a><\/li><li class=\"listing-item\"><a class=\"title\" href=\"https:\/\/kineaphp.fr\/?p=3888\">Royal London Hospital Test (tendinopathie calcan\u00e9en)<\/a><\/li><li class=\"listing-item\"><a class=\"title\" href=\"https:\/\/kineaphp.fr\/?p=7908\">Score de Wells (TVP)<\/a><\/li><li class=\"listing-item\"><a class=\"title\" href=\"https:\/\/kineaphp.fr\/?p=3875\">Squeeze test (syndesmose)<\/a><\/li><li class=\"listing-item\"><a class=\"title\" href=\"https:\/\/kineaphp.fr\/?p=2157\">Talar tilt test (LCL et LCM)<\/a><\/li><li class=\"listing-item\"><a class=\"title\" href=\"https:\/\/kineaphp.fr\/?p=3877\">Test de translation (syndesmose)<\/a><\/li><li class=\"listing-item\"><a class=\"title\" href=\"https:\/\/kineaphp.fr\/?p=3880\">Thompson test (int\u00e9grit\u00e9 du tendon calcan\u00e9en)<\/a><\/li><li class=\"listing-item\"><a class=\"title\" href=\"https:\/\/kineaphp.fr\/?p=8371\">Weight-Bearing Lunge Test (test de fente en charge)<\/a><\/li><li class=\"listing-item\"><a class=\"title\" href=\"https:\/\/kineaphp.fr\/?p=3893\">Windlass test (fasciite plantaire)<\/a><\/li><\/ul>\n\n\n\n<h3 class=\"wp-block-heading\">Les pathologies de la cheville et du pied<\/h3>\n\n\n<ul class=\"display-posts-listing\"><li class=\"listing-item\"><a class=\"title\" href=\"https:\/\/kineaphp.fr\/?p=2598\">Apon\u00e9vrosite plantaire<\/a><\/li><li class=\"listing-item\"><a class=\"title\" href=\"https:\/\/kineaphp.fr\/?p=2586\">Entorse de l&rsquo;orteil (Turf toe)<\/a><\/li><li class=\"listing-item\"><a class=\"title\" href=\"https:\/\/kineaphp.fr\/?p=2584\">Entorse m\u00e9diale<\/a><\/li><li class=\"listing-item\"><a class=\"title\" href=\"https:\/\/kineaphp.fr\/?p=2579\">Entorse lat\u00e9rale<\/a><\/li><li class=\"listing-item\"><a class=\"title\" href=\"https:\/\/kineaphp.fr\/?p=2590\">Fracture de stress tibiale<\/a><\/li><li class=\"listing-item\"><a class=\"title\" href=\"https:\/\/kineaphp.fr\/?p=2592\">Fracture mall\u00e9olaire<\/a><\/li><li class=\"listing-item\"><a class=\"title\" href=\"https:\/\/kineaphp.fr\/?p=2582\">Instabilit\u00e9 chronique de la cheville<\/a><\/li><li class=\"listing-item\"><a class=\"title\" href=\"https:\/\/kineaphp.fr\/?p=1231\">L\u00e9sion de la syndesmose<\/a><\/li><li class=\"listing-item\"><a class=\"title\" href=\"https:\/\/kineaphp.fr\/?p=2594\">L\u00e9sion myo-apon\u00e9vrotique du triceps sural<\/a><\/li><li class=\"listing-item\"><a class=\"title\" href=\"https:\/\/kineaphp.fr\/?p=2613\">Neuropathie canalaire (syndrome canalaire)<\/a><\/li><li class=\"listing-item\"><a class=\"title\" href=\"https:\/\/kineaphp.fr\/?p=3129\">N\u00e9vrome de Morton<\/a><\/li><li class=\"listing-item\"><a class=\"title\" href=\"https:\/\/kineaphp.fr\/?p=2588\">P\u00e9riostite tibiale<\/a><\/li><li class=\"listing-item\"><a class=\"title\" href=\"https:\/\/kineaphp.fr\/?p=2596\">Tendinopathie des fibulaires<\/a><\/li><\/ul>\n\n\n\n<h3 class=\"wp-block-heading\">R\u00e9\u00e9ducation de la cheville et du pied<\/h3>\n\n\n\n<div class=\"wp-block-columns is-layout-flex wp-container-core-columns-is-layout-9d6595d7 wp-block-columns-is-layout-flex\">\n<div class=\"wp-block-column is-layout-flow wp-block-column-is-layout-flow\">\n<h4 class=\"wp-block-heading\">Traitement actif<\/h4>\n\n\n<ul class=\"display-posts-listing\"><li class=\"listing-item\"><a class=\"title\" href=\"https:\/\/kineaphp.fr\/?p=8699\">R\u00e9\u00e9ducation entorse lat\u00e9rale de cheville<\/a><\/li><\/ul>\n<\/div>\n\n\n\n<div class=\"wp-block-column is-layout-flow wp-block-column-is-layout-flow\">\n<h4 class=\"wp-block-heading\">Traitement passif<\/h4>\n\n\n<ul class=\"display-posts-listing\"><li class=\"listing-item\"><a class=\"title\" href=\"https:\/\/kineaphp.fr\/?p=6630\">Etirement du triceps sural<\/a><\/li><\/ul>\n<\/div>\n<\/div>\n","protected":false},"excerpt":{"rendered":"<p>R\u00e9gion de la hanche G\u00e9n\u00e9ralit\u00e9s sur la hanche Examens cliniques Les pathologies de la hanche Traitement hanche Traitement actif Traitement passif R\u00e9gion du genou G\u00e9n\u00e9ralit\u00e9s sur le genou Examens cliniques Les pathologies du genou R\u00e9\u00e9ducation&hellip;<\/p>\n<p class=\"more-link-wrapper\"><a href=\"https:\/\/kineaphp.fr\/?p=6630\" class=\"more-link\">Continue Reading<span class=\"screen-reader-text\"> \u00ab\u00a0Etirement du triceps sural\u00a0\u00bb<\/span><\/a><\/p>\n","protected":false},"author":1,"featured_media":0,"parent":7259,"menu_order":0,"comment_status":"closed","ping_status":"closed","template":"","meta":{"footnotes":""},"class_list":["post-7261","page","type-page","status-publish","hentry"],"_links":{"self":[{"href":"https:\/\/kineaphp.fr\/index.php?rest_route=\/wp\/v2\/pages\/7261","targetHints":{"allow":["GET"]}}],"collection":[{"href":"https:\/\/kineaphp.fr\/index.php?rest_route=\/wp\/v2\/pages"}],"about":[{"href":"https:\/\/kineaphp.fr\/index.php?rest_route=\/wp\/v2\/types\/page"}],"author":[{"embeddable":true,"href":"https:\/\/kineaphp.fr\/index.php?rest_route=\/wp\/v2\/users\/1"}],"replies":[{"embeddable":true,"href":"https:\/\/kineaphp.fr\/index.php?rest_route=%2Fwp%2Fv2%2Fcomments&post=7261"}],"version-history":[{"count":19,"href":"https:\/\/kineaphp.fr\/index.php?rest_route=\/wp\/v2\/pages\/7261\/revisions"}],"predecessor-version":[{"id":8329,"href":"https:\/\/kineaphp.fr\/index.php?rest_route=\/wp\/v2\/pages\/7261\/revisions\/8329"}],"up":[{"embeddable":true,"href":"https:\/\/kineaphp.fr\/index.php?rest_route=\/wp\/v2\/pages\/7259"}],"wp:attachment":[{"href":"https:\/\/kineaphp.fr\/index.php?rest_route=%2Fwp%2Fv2%2Fmedia&parent=7261"}],"curies":[{"name":"wp","href":"https:\/\/api.w.org\/{rel}","templated":true}]}}