{"id":7259,"date":"2025-12-27T09:29:01","date_gmt":"2025-12-27T08:29:01","guid":{"rendered":"https:\/\/kineaphp.fr\/?page_id=7259"},"modified":"2026-01-11T08:11:33","modified_gmt":"2026-01-11T07:11:33","slug":"champ-msq","status":"publish","type":"page","link":"https:\/\/kineaphp.fr\/?page_id=7259","title":{"rendered":"Champ msq"},"content":{"rendered":"\n<p><a href=\"https:\/\/kineaphp.fr\/?page_id=2212\" data-type=\"link\" data-id=\"https:\/\/kineaphp.fr\/?page_id=2212\">Th\u00e9orie<\/a><\/p>\n\n\n\n<p><a href=\"https:\/\/kineaphp.fr\/?page_id=7261\">Membre inf\u00e9rieur<\/a><\/p>\n\n\n\n<p><a href=\"https:\/\/kineaphp.fr\/?page_id=7263\">Membre sup\u00e9rieur<\/a><\/p>\n\n\n\n<p><a href=\"https:\/\/kineaphp.fr\/?page_id=7265\">Tronc et cou<\/a><\/p>\n\n\n\n<p><a href=\"https:\/\/kineaphp.fr\/?page_id=7267\">Pathologies articulaires<\/a><\/p>\n\n\n\n<p><a href=\"https:\/\/kineaphp.fr\/?page_id=8308\">Tests et \u00e9valuation<\/a><\/p>\n","protected":false},"excerpt":{"rendered":"<p>Th\u00e9orie Membre inf\u00e9rieur Membre sup\u00e9rieur Tronc et cou Pathologies articulaires Tests et \u00e9valuation<\/p>\n","protected":false},"author":1,"featured_media":0,"parent":0,"menu_order":0,"comment_status":"closed","ping_status":"closed","template":"","meta":{"footnotes":""},"class_list":["post-7259","page","type-page","status-publish","hentry"],"_links":{"self":[{"href":"https:\/\/kineaphp.fr\/index.php?rest_route=\/wp\/v2\/pages\/7259","targetHints":{"allow":["GET"]}}],"collection":[{"href":"https:\/\/kineaphp.fr\/index.php?rest_route=\/wp\/v2\/pages"}],"about":[{"href":"https:\/\/kineaphp.fr\/index.php?rest_route=\/wp\/v2\/types\/page"}],"author":[{"embeddable":true,"href":"https:\/\/kineaphp.fr\/index.php?rest_route=\/wp\/v2\/users\/1"}],"replies":[{"embeddable":true,"href":"https:\/\/kineaphp.fr\/index.php?rest_route=%2Fwp%2Fv2%2Fcomments&post=7259"}],"version-history":[{"count":8,"href":"https:\/\/kineaphp.fr\/index.php?rest_route=\/wp\/v2\/pages\/7259\/revisions"}],"predecessor-version":[{"id":8445,"href":"https:\/\/kineaphp.fr\/index.php?rest_route=\/wp\/v2\/pages\/7259\/revisions\/8445"}],"wp:attachment":[{"href":"https:\/\/kineaphp.fr\/index.php?rest_route=%2Fwp%2Fv2%2Fmedia&parent=7259"}],"curies":[{"name":"wp","href":"https:\/\/api.w.org\/{rel}","templated":true}]}}