{"id":2212,"date":"2025-01-29T18:33:39","date_gmt":"2025-01-29T17:33:39","guid":{"rendered":"https:\/\/kineaphp.fr\/?page_id=2212"},"modified":"2026-01-02T07:29:26","modified_gmt":"2026-01-02T06:29:26","slug":"champ-msq-theorie","status":"publish","type":"page","link":"https:\/\/kineaphp.fr\/?page_id=2212","title":{"rendered":"Champ msq &#8211; Th\u00e9orie"},"content":{"rendered":"<ul class=\"display-posts-listing\"><li class=\"listing-item\"><a class=\"title\" href=\"https:\/\/kineaphp.fr\/?p=263\">Cha\u00eenes musculaires<\/a><\/li><li class=\"listing-item\"><a class=\"title\" href=\"https:\/\/kineaphp.fr\/?p=6841\">Cicatrisation<\/a><\/li><li class=\"listing-item\"><a class=\"title\" href=\"https:\/\/kineaphp.fr\/?p=8432\">Echelle de perception de l&rsquo;effort (Borg)<\/a><\/li><li class=\"listing-item\"><a class=\"title\" href=\"https:\/\/kineaphp.fr\/?p=401\">Installation patient\/kin\u00e9<\/a><\/li><li class=\"listing-item\"><a class=\"title\" href=\"https:\/\/kineaphp.fr\/?p=526\">La contraction musculaire<\/a><\/li><li class=\"listing-item\"><a class=\"title\" href=\"https:\/\/kineaphp.fr\/?p=885\">Le contr\u00f4le moteur<\/a><\/li><li class=\"listing-item\"><a class=\"title\" href=\"https:\/\/kineaphp.fr\/?p=404\">Les \u00e9tirements<\/a><\/li><li class=\"listing-item\"><a class=\"title\" href=\"https:\/\/kineaphp.fr\/?p=745\">Lev\u00e9e de tension<\/a><\/li><li class=\"listing-item\"><a class=\"title\" href=\"https:\/\/kineaphp.fr\/?p=391\">Renforcement musculaire &#8211; protocole<\/a><\/li><li class=\"listing-item\"><a class=\"title\" href=\"https:\/\/kineaphp.fr\/?p=8438\">R\u00e9p\u00e9titions en r\u00e9serve (RIR)<\/a><\/li><\/ul>\n","protected":false},"excerpt":{"rendered":"","protected":false},"author":1,"featured_media":2533,"parent":7259,"menu_order":1,"comment_status":"closed","ping_status":"closed","template":"","meta":{"footnotes":""},"class_list":["post-2212","page","type-page","status-publish","has-post-thumbnail","hentry"],"_links":{"self":[{"href":"https:\/\/kineaphp.fr\/index.php?rest_route=\/wp\/v2\/pages\/2212","targetHints":{"allow":["GET"]}}],"collection":[{"href":"https:\/\/kineaphp.fr\/index.php?rest_route=\/wp\/v2\/pages"}],"about":[{"href":"https:\/\/kineaphp.fr\/index.php?rest_route=\/wp\/v2\/types\/page"}],"author":[{"embeddable":true,"href":"https:\/\/kineaphp.fr\/index.php?rest_route=\/wp\/v2\/users\/1"}],"replies":[{"embeddable":true,"href":"https:\/\/kineaphp.fr\/index.php?rest_route=%2Fwp%2Fv2%2Fcomments&post=2212"}],"version-history":[{"count":5,"href":"https:\/\/kineaphp.fr\/index.php?rest_route=\/wp\/v2\/pages\/2212\/revisions"}],"predecessor-version":[{"id":5795,"href":"https:\/\/kineaphp.fr\/index.php?rest_route=\/wp\/v2\/pages\/2212\/revisions\/5795"}],"up":[{"embeddable":true,"href":"https:\/\/kineaphp.fr\/index.php?rest_route=\/wp\/v2\/pages\/7259"}],"wp:featuredmedia":[{"embeddable":true,"href":"https:\/\/kineaphp.fr\/index.php?rest_route=\/wp\/v2\/media\/2533"}],"wp:attachment":[{"href":"https:\/\/kineaphp.fr\/index.php?rest_route=%2Fwp%2Fv2%2Fmedia&parent=2212"}],"curies":[{"name":"wp","href":"https:\/\/api.w.org\/{rel}","templated":true}]}}