{"id":1927,"date":"2025-01-25T17:59:52","date_gmt":"2025-01-25T16:59:52","guid":{"rendered":"https:\/\/kineaphp.fr\/?page_id=1927"},"modified":"2026-01-02T07:30:12","modified_gmt":"2026-01-02T06:30:12","slug":"champs-kine-pediatrie","status":"publish","type":"page","link":"https:\/\/kineaphp.fr\/?page_id=1927","title":{"rendered":"Champs kin\u00e9 &#8211; P\u00e9diatrie"},"content":{"rendered":"<ul class=\"display-posts-listing\"><li class=\"listing-item\"><a class=\"title\" href=\"https:\/\/kineaphp.fr\/?p=5762\">Le d\u00e9veloppement de l&rsquo;enfant<\/a><\/li><li class=\"listing-item\"><a class=\"title\" href=\"https:\/\/kineaphp.fr\/?p=5436\">Le d\u00e9veloppement sensori-moteur de l&rsquo;enfant de 0 \u00e0 2 ans<\/a><\/li><li class=\"listing-item\"><a class=\"title\" href=\"https:\/\/kineaphp.fr\/?p=5354\">Paralysie obst\u00e9tricale du plexus brachial (POPB)<\/a><\/li><li class=\"listing-item\"><a class=\"title\" href=\"https:\/\/kineaphp.fr\/?p=5270\">Torticolis et plagioc\u00e9phalie<\/a><\/li><li class=\"listing-item\"><a class=\"title\" href=\"https:\/\/kineaphp.fr\/?p=5165\">R\u00e9\u00e9ducation du pied du nourrisson &#8211; Les malformations<\/a><\/li><li class=\"listing-item\"><a class=\"title\" href=\"https:\/\/kineaphp.fr\/?p=5105\">R\u00e9\u00e9ducation du pied du nourrisson &#8211; Les malpositions mineures<\/a><\/li><li class=\"listing-item\"><a class=\"title\" href=\"https:\/\/kineaphp.fr\/?p=5065\">R\u00e9\u00e9ducation du pied du nourrisson &#8211; G\u00e9n\u00e9ralit\u00e9s<\/a><\/li><li class=\"listing-item\"><a class=\"title\" href=\"https:\/\/kineaphp.fr\/?p=4890\">Vid\u00e9os de mobilisation en p\u00e9diatrie<\/a><\/li><li class=\"listing-item\"><a class=\"title\" href=\"https:\/\/kineaphp.fr\/?p=4870\">D\u00e9veloppement psychomoteur de l&rsquo;enfant de 0 \u00e0 3 ans<\/a><\/li><\/ul>\n\n\n\n<p><\/p>\n","protected":false},"excerpt":{"rendered":"","protected":false},"author":1,"featured_media":2546,"parent":0,"menu_order":0,"comment_status":"closed","ping_status":"closed","template":"","meta":{"footnotes":""},"class_list":["post-1927","page","type-page","status-publish","has-post-thumbnail","hentry"],"_links":{"self":[{"href":"https:\/\/kineaphp.fr\/index.php?rest_route=\/wp\/v2\/pages\/1927","targetHints":{"allow":["GET"]}}],"collection":[{"href":"https:\/\/kineaphp.fr\/index.php?rest_route=\/wp\/v2\/pages"}],"about":[{"href":"https:\/\/kineaphp.fr\/index.php?rest_route=\/wp\/v2\/types\/page"}],"author":[{"embeddable":true,"href":"https:\/\/kineaphp.fr\/index.php?rest_route=\/wp\/v2\/users\/1"}],"replies":[{"embeddable":true,"href":"https:\/\/kineaphp.fr\/index.php?rest_route=%2Fwp%2Fv2%2Fcomments&post=1927"}],"version-history":[{"count":3,"href":"https:\/\/kineaphp.fr\/index.php?rest_route=\/wp\/v2\/pages\/1927\/revisions"}],"predecessor-version":[{"id":7624,"href":"https:\/\/kineaphp.fr\/index.php?rest_route=\/wp\/v2\/pages\/1927\/revisions\/7624"}],"wp:featuredmedia":[{"embeddable":true,"href":"https:\/\/kineaphp.fr\/index.php?rest_route=\/wp\/v2\/media\/2546"}],"wp:attachment":[{"href":"https:\/\/kineaphp.fr\/index.php?rest_route=%2Fwp%2Fv2%2Fmedia&parent=1927"}],"curies":[{"name":"wp","href":"https:\/\/api.w.org\/{rel}","templated":true}]}}