{"id":1923,"date":"2025-01-25T17:57:45","date_gmt":"2025-01-25T16:57:45","guid":{"rendered":"https:\/\/kineaphp.fr\/?page_id=1923"},"modified":"2025-06-13T12:13:17","modified_gmt":"2025-06-13T10:13:17","slug":"champs-kine-cardio-respi","status":"publish","type":"page","link":"https:\/\/kineaphp.fr\/?page_id=1923","title":{"rendered":"Champs kin\u00e9 &#8211; Cardio-respi"},"content":{"rendered":"\n<h2 class=\"wp-block-heading\">Les constantes<\/h2>\n\n\n<ul class=\"display-posts-listing\"><li class=\"listing-item\"><a class=\"title\" href=\"https:\/\/kineaphp.fr\/?p=5815\">Exploration fonctionnelle respiratoire (EFR)<\/a><\/li><li class=\"listing-item\"><a class=\"title\" href=\"https:\/\/kineaphp.fr\/?p=5817\">La fr\u00e9quence cardiaque (FC)<\/a><\/li><li class=\"listing-item\"><a class=\"title\" href=\"https:\/\/kineaphp.fr\/?p=5819\">La fr\u00e9quence respiratoire (FR)<\/a><\/li><li class=\"listing-item\"><a class=\"title\" href=\"https:\/\/kineaphp.fr\/?p=5821\">Le monitorage<\/a><\/li><\/ul>\n\n\n\n<h2 class=\"wp-block-heading\">Comprendre la respiration <\/h2>\n\n\n\n<p>Vid\u00e9os et r\u00e9capitulatifs du MOOC de l&rsquo;universit\u00e9 de Louvain<\/p>\n\n\n<ul class=\"display-posts-listing\"><li class=\"listing-item\"><a class=\"title\" href=\"https:\/\/kineaphp.fr\/?p=1102\">1. Comprendre la respiration<\/a><\/li><li class=\"listing-item\"><a class=\"title\" href=\"https:\/\/kineaphp.fr\/?p=1134\">10. L\u2019effort physique augmente la consommation d\u2019oxyg\u00e8ne<\/a><\/li><li class=\"listing-item\"><a class=\"title\" href=\"https:\/\/kineaphp.fr\/?p=1142\">11. Les polluants atmosph\u00e9riques, le monoxyde de carbone et le tabagisme<\/a><\/li><li class=\"listing-item\"><a class=\"title\" href=\"https:\/\/kineaphp.fr\/?p=1146\">12. L\u2019asthme obstrue et enflamme les petites bronches<\/a><\/li><li class=\"listing-item\"><a class=\"title\" href=\"https:\/\/kineaphp.fr\/?p=1154\">13. La bronchite chronique et l&#8217;emphys\u00e8me r\u00e9duisent l&rsquo;\u00e9lasticit\u00e9 des poumons<\/a><\/li><li class=\"listing-item\"><a class=\"title\" href=\"https:\/\/kineaphp.fr\/?p=1158\">14. Oed\u00e8me pulmonaire\u00a0: le c\u0153ur et les poumons sont indissociables<\/a><\/li><li class=\"listing-item\"><a class=\"title\" href=\"https:\/\/kineaphp.fr\/?p=1162\">15. La compliance pulmonaire<\/a><\/li><li class=\"listing-item\"><a class=\"title\" href=\"https:\/\/kineaphp.fr\/?p=1167\">16. Le surfactant pulmonaire<\/a><\/li><li class=\"listing-item\"><a class=\"title\" href=\"https:\/\/kineaphp.fr\/?p=1173\">17. La fibrose pulmonaire<\/a><\/li><li class=\"listing-item\"><a class=\"title\" href=\"https:\/\/kineaphp.fr\/?p=1104\">2. Anatomie du syst\u00e8me respiratoire<\/a><\/li><li class=\"listing-item\"><a class=\"title\" href=\"https:\/\/kineaphp.fr\/?p=1106\">3. La ventilation et les volumes pulmonaires<\/a><\/li><li class=\"listing-item\"><a class=\"title\" href=\"https:\/\/kineaphp.fr\/?p=1109\">4. Les pressions<\/a><\/li><li class=\"listing-item\"><a class=\"title\" href=\"https:\/\/kineaphp.fr\/?p=1118\">5. La cascade d\u2019oxyg\u00e8ne<\/a><\/li><li class=\"listing-item\"><a class=\"title\" href=\"https:\/\/kineaphp.fr\/?p=1120\">6. L\u2019h\u00e9moglobine, transporteur de l\u2019O2 dans le sang<\/a><\/li><li class=\"listing-item\"><a class=\"title\" href=\"https:\/\/kineaphp.fr\/?p=1122\">7. Couleur de l&rsquo;oxyg\u00e8ne<\/a><\/li><li class=\"listing-item\"><a class=\"title\" href=\"https:\/\/kineaphp.fr\/?p=1127\">8. Le CO2\u00a0: bien mieux qu\u2019un d\u00e9chet de l\u2019organisme<\/a><\/li><li class=\"listing-item\"><a class=\"title\" href=\"https:\/\/kineaphp.fr\/?p=1132\">9. Situations physiologiques de la respiration<\/a><\/li><\/ul>\n\n\n\n<h2 class=\"wp-block-heading\">Les pathologies respiratoires<\/h2>\n\n\n\n\n\n\n<hr class=\"wp-block-separator has-alpha-channel-opacity\"\/>\n\n\n\n<h2 class=\"wp-block-heading\">Le coeur<\/h2>\n\n\n\n\n\n\n<h2 class=\"wp-block-heading\">Les pathologies cardiaques<\/h2>\n\n\n\n","protected":false},"excerpt":{"rendered":"<p>Les constantes Comprendre la respiration Vid\u00e9os et r\u00e9capitulatifs du MOOC de l&rsquo;universit\u00e9 de Louvain Les pathologies respiratoires Le coeur Les pathologies cardiaques<\/p>\n","protected":false},"author":1,"featured_media":1464,"parent":0,"menu_order":0,"comment_status":"closed","ping_status":"closed","template":"","meta":{"footnotes":""},"class_list":["post-1923","page","type-page","status-publish","has-post-thumbnail","hentry"],"_links":{"self":[{"href":"https:\/\/kineaphp.fr\/index.php?rest_route=\/wp\/v2\/pages\/1923","targetHints":{"allow":["GET"]}}],"collection":[{"href":"https:\/\/kineaphp.fr\/index.php?rest_route=\/wp\/v2\/pages"}],"about":[{"href":"https:\/\/kineaphp.fr\/index.php?rest_route=\/wp\/v2\/types\/page"}],"author":[{"embeddable":true,"href":"https:\/\/kineaphp.fr\/index.php?rest_route=\/wp\/v2\/users\/1"}],"replies":[{"embeddable":true,"href":"https:\/\/kineaphp.fr\/index.php?rest_route=%2Fwp%2Fv2%2Fcomments&post=1923"}],"version-history":[{"count":8,"href":"https:\/\/kineaphp.fr\/index.php?rest_route=\/wp\/v2\/pages\/1923\/revisions"}],"predecessor-version":[{"id":5807,"href":"https:\/\/kineaphp.fr\/index.php?rest_route=\/wp\/v2\/pages\/1923\/revisions\/5807"}],"wp:featuredmedia":[{"embeddable":true,"href":"https:\/\/kineaphp.fr\/index.php?rest_route=\/wp\/v2\/media\/1464"}],"wp:attachment":[{"href":"https:\/\/kineaphp.fr\/index.php?rest_route=%2Fwp%2Fv2%2Fmedia&parent=1923"}],"curies":[{"name":"wp","href":"https:\/\/api.w.org\/{rel}","templated":true}]}}