{"id":1921,"date":"2025-01-25T17:57:26","date_gmt":"2025-01-25T16:57:26","guid":{"rendered":"https:\/\/kineaphp.fr\/?page_id=1921"},"modified":"2026-01-05T09:45:40","modified_gmt":"2026-01-05T08:45:40","slug":"champs-kine-neuro","status":"publish","type":"page","link":"https:\/\/kineaphp.fr\/?page_id=1921","title":{"rendered":"Champs kin\u00e9 &#8211; Neuro"},"content":{"rendered":"\n<h2 class=\"wp-block-heading\">AVC (Accident vasculaire c\u00e9r\u00e9bral)<\/h2>\n\n\n<ul class=\"display-posts-listing\"><li class=\"listing-item\"><a class=\"title\" href=\"https:\/\/kineaphp.fr\/?p=7498\">Box and Block Test (BBT)<\/a><\/li><li class=\"listing-item\"><a class=\"title\" href=\"https:\/\/kineaphp.fr\/?p=7763\">Contrat d\u2019autor\u00e9\u00e9ducation guid\u00e9e dans la Par\u00e9sie Spastique (JM Graci\u00e8s)<\/a><\/li><li class=\"listing-item\"><a class=\"title\" href=\"https:\/\/kineaphp.fr\/?p=8031\">Echelle d&rsquo;Ashwort modifi\u00e9e (spasticit\u00e9)<\/a><\/li><li class=\"listing-item\"><a class=\"title\" href=\"https:\/\/kineaphp.fr\/?p=4512\">Echelle de Tardieu (Spasticit\u00e9)<\/a><\/li><li class=\"listing-item\"><a class=\"title\" href=\"https:\/\/kineaphp.fr\/?p=7476\">Frenchay Arm Test (FAT)<\/a><\/li><li class=\"listing-item\"><a class=\"title\" href=\"https:\/\/kineaphp.fr\/?p=8064\">Function in sitting test (FIST)<\/a><\/li><li class=\"listing-item\"><a class=\"title\" href=\"https:\/\/kineaphp.fr\/?p=8046\">Functional Independence Measure (FIM)<\/a><\/li><li class=\"listing-item\"><a class=\"title\" href=\"https:\/\/kineaphp.fr\/?p=8007\">Index de Barthel (h\u00e9mipl\u00e9gie)<\/a><\/li><li class=\"listing-item\"><a class=\"title\" href=\"https:\/\/kineaphp.fr\/?p=8290\">La r\u00e9\u00e9ducation apr\u00e8s un AVC &#8211; Parcours d&rsquo;un cas<\/a><\/li><li class=\"listing-item\"><a class=\"title\" href=\"https:\/\/kineaphp.fr\/?p=5722\">Physiopathologie et tableau clinique de l&rsquo;AVC<\/a><\/li><li class=\"listing-item\"><a class=\"title\" href=\"https:\/\/kineaphp.fr\/?p=8026\">Livret d&rsquo;auto-r\u00e9\u00e9ducation (fondation Garches)<\/a><\/li><li class=\"listing-item\"><a class=\"title\" href=\"https:\/\/kineaphp.fr\/?p=8058\">Motor Assessment Scale (MAS)<\/a><\/li><li class=\"listing-item\"><a class=\"title\" href=\"https:\/\/kineaphp.fr\/?p=7423\">NIHSS (National Institutes of Health Stroke Scale)<\/a><\/li><li class=\"listing-item\"><a class=\"title\" href=\"https:\/\/kineaphp.fr\/?p=7494\">Nine Hole Peg Test (NHP)<\/a><\/li><li class=\"listing-item\"><a class=\"title\" href=\"https:\/\/kineaphp.fr\/?p=7391\">R\u00e9\u00e9ducation du patient h\u00e9mipl\u00e9gique<\/a><\/li><li class=\"listing-item\"><a class=\"title\" href=\"https:\/\/kineaphp.fr\/?p=8017\">Relev\u00e9 du sol (h\u00e9mipl\u00e9gie)<\/a><\/li><li class=\"listing-item\"><a class=\"title\" href=\"https:\/\/kineaphp.fr\/?p=7523\">Scores posturaux de Bourg\u00e8s (EPA et EPD)<\/a><\/li><li class=\"listing-item\"><a class=\"title\" href=\"https:\/\/kineaphp.fr\/?p=8079\">Stroke Impact Scale (SIS)<\/a><\/li><\/ul>\n\n\n\n<h2 class=\"wp-block-heading\">SEP (Scl\u00e9rose en plaque)<\/h2>\n\n\n<ul class=\"display-posts-listing\"><li class=\"listing-item\"><a class=\"title\" href=\"https:\/\/kineaphp.fr\/?p=7498\">Box and Block Test (BBT)<\/a><\/li><li class=\"listing-item\"><a class=\"title\" href=\"https:\/\/kineaphp.fr\/?p=8031\">Echelle d&rsquo;Ashwort modifi\u00e9e (spasticit\u00e9)<\/a><\/li><li class=\"listing-item\"><a class=\"title\" href=\"https:\/\/kineaphp.fr\/?p=4512\">Echelle de Tardieu (Spasticit\u00e9)<\/a><\/li><li class=\"listing-item\"><a class=\"title\" href=\"https:\/\/kineaphp.fr\/?p=8064\">Function in sitting test (FIST)<\/a><\/li><li class=\"listing-item\"><a class=\"title\" href=\"https:\/\/kineaphp.fr\/?p=8046\">Functional Independence Measure (FIM)<\/a><\/li><li class=\"listing-item\"><a class=\"title\" href=\"https:\/\/kineaphp.fr\/?p=5641\">Tableau clinique de la SEP et \u00e9chelle EDSS<\/a><\/li><li class=\"listing-item\"><a class=\"title\" href=\"https:\/\/kineaphp.fr\/?p=8092\">MFIS (Modified Fatigue Impact Scale) \u2013 SEP<\/a><\/li><li class=\"listing-item\"><a class=\"title\" href=\"https:\/\/kineaphp.fr\/?p=7494\">Nine Hole Peg Test (NHP)<\/a><\/li><li class=\"listing-item\"><a class=\"title\" href=\"https:\/\/kineaphp.fr\/?p=7436\">SEP-59 &#8211; Qualit\u00e9 de vie patient SEP<\/a><\/li><li class=\"listing-item\"><a class=\"title\" href=\"https:\/\/kineaphp.fr\/?p=7369\">SEP prise en charge<\/a><\/li><li class=\"listing-item\"><a class=\"title\" href=\"https:\/\/kineaphp.fr\/?p=8104\">S\u00e9quences de relever du sol (RDS)<\/a><\/li><\/ul>\n\n\n\n<h2 class=\"wp-block-heading\">Maladie de Parkinson<\/h2>\n\n\n<ul class=\"display-posts-listing\"><li class=\"listing-item\"><a class=\"title\" href=\"https:\/\/kineaphp.fr\/?p=7462\">\u00c9chelle de Schwab et England (AVQ)<\/a><\/li><li class=\"listing-item\"><a class=\"title\" href=\"https:\/\/kineaphp.fr\/?p=7451\">Echelle UPDRS (Parkinson)<\/a><\/li><li class=\"listing-item\"><a class=\"title\" href=\"https:\/\/kineaphp.fr\/?p=8046\">Functional Independence Measure (FIM)<\/a><\/li><li class=\"listing-item\"><a class=\"title\" href=\"https:\/\/kineaphp.fr\/?p=5665\">La maladie de Parkinson : signes cliniques et troubles associ\u00e9s<\/a><\/li><li class=\"listing-item\"><a class=\"title\" href=\"https:\/\/kineaphp.fr\/?p=4515\">Man\u0153uvre de Froment (Parkinson)<\/a><\/li><li class=\"listing-item\"><a class=\"title\" href=\"https:\/\/kineaphp.fr\/?p=8135\">MPI &#8211; R\u00e9\u00e9ducation selon les stades<\/a><\/li><li class=\"listing-item\"><a class=\"title\" href=\"https:\/\/kineaphp.fr\/?p=8230\">R\u00e9\u00e9ducation MPI &#8211; Exercices interm\u00e9diaires<\/a><\/li><li class=\"listing-item\"><a class=\"title\" href=\"https:\/\/kineaphp.fr\/?p=8265\">R\u00e9\u00e9ducation MPI &#8211; Exercices d\u00e9butants<\/a><\/li><li class=\"listing-item\"><a class=\"title\" href=\"https:\/\/kineaphp.fr\/?p=8104\">S\u00e9quences de relever du sol (RDS)<\/a><\/li><li class=\"listing-item\"><a class=\"title\" href=\"https:\/\/kineaphp.fr\/?p=7464\">Stade de Hoehn et Yahr<\/a><\/li><\/ul>\n\n\n\n<h2 class=\"wp-block-heading\">Ataxie c\u00e9rebelleuse<\/h2>\n\n\n<ul class=\"display-posts-listing\"><li class=\"listing-item\"><a class=\"title\" href=\"https:\/\/kineaphp.fr\/?p=7500\">Echelle ICARS (Ataxie c\u00e9r\u00e9belleuse)<\/a><\/li><li class=\"listing-item\"><a class=\"title\" href=\"https:\/\/kineaphp.fr\/?p=8171\">R\u00e9\u00e9ducation ataxie c\u00e9rebelleuse &#8211; Equilibre et coordination<\/a><\/li><li class=\"listing-item\"><a class=\"title\" href=\"https:\/\/kineaphp.fr\/?p=5698\">Tableau clinique du syndrome cerebelleux<\/a><\/li><li class=\"listing-item\"><a class=\"title\" href=\"https:\/\/kineaphp.fr\/?p=7808\">Manoeuvre de Stewart Holmes (Ataxie c\u00e9rebelleuse)<\/a><\/li><li class=\"listing-item\"><a class=\"title\" href=\"https:\/\/kineaphp.fr\/?p=8215\">R\u00e9\u00e9ducation ataxie c\u00e9rebelleuse &#8211; am\u00e9liorer l&rsquo;\u00e9quilibre<\/a><\/li><li class=\"listing-item\"><a class=\"title\" href=\"https:\/\/kineaphp.fr\/?p=8223\">R\u00e9\u00e9ducation ataxie c\u00e9r\u00e9belleuse &#8211; Evidence-Based Exercises for Ataxia<\/a><\/li><li class=\"listing-item\"><a class=\"title\" href=\"https:\/\/kineaphp.fr\/?p=8201\">R\u00e9\u00e9ducation ataxie cerebelleuse &#8211; R\u00e9\u00e9ducation de la marche et vestibulaire<\/a><\/li><li class=\"listing-item\"><a class=\"title\" href=\"https:\/\/kineaphp.fr\/?p=7396\">R\u00e9\u00e9ducation du patient c\u00e9rebelleux &#8211; Th\u00e9orie<\/a><\/li><li class=\"listing-item\"><a class=\"title\" href=\"https:\/\/kineaphp.fr\/?p=4418\">Echelle SARA (Scale for Assessment and Rating Ataxia)<\/a><\/li><li class=\"listing-item\"><a class=\"title\" href=\"https:\/\/kineaphp.fr\/?p=8004\">Test de Romberg (Ataxie c\u00e9rebelleuse)<\/a><\/li><\/ul>\n\n\n\n<h2 class=\"wp-block-heading\">SLA (Scl\u00e9rose lat\u00e9rale amyotrophique)<\/h2>\n\n\n<ul class=\"display-posts-listing\"><li class=\"listing-item\"><a class=\"title\" href=\"https:\/\/kineaphp.fr\/?p=7747\">ALS Functional Rating Scale r\u00e9vis\u00e9e (SLA)<\/a><\/li><li class=\"listing-item\"><a class=\"title\" href=\"https:\/\/kineaphp.fr\/?p=4175\">Scl\u00e9rose lat\u00e9rale amyotrophique (SLA)<\/a><\/li><li class=\"listing-item\"><a class=\"title\" href=\"https:\/\/kineaphp.fr\/?p=7744\">Traitement et r\u00e9\u00e9ducation SLA<\/a><\/li><\/ul>\n\n\n\n<h2 class=\"wp-block-heading\">Atteinte m\u00e9dullaire<\/h2>\n\n\n<ul class=\"display-posts-listing\"><li class=\"listing-item\"><a class=\"title\" href=\"https:\/\/kineaphp.fr\/?p=7951\">Bless\u00e9 m\u00e9dullaire : les complications<\/a><\/li><li class=\"listing-item\"><a class=\"title\" href=\"https:\/\/kineaphp.fr\/?p=7949\">Bless\u00e9 m\u00e9dullaire : prise en charge et objectifs fonctionnels<\/a><\/li><li class=\"listing-item\"><a class=\"title\" href=\"https:\/\/kineaphp.fr\/?p=7508\">Echelle de Boub\u00e9e (Equilibre assis)<\/a><\/li><li class=\"listing-item\"><a class=\"title\" href=\"https:\/\/kineaphp.fr\/?p=7757\">Echelle de d\u00e9ficience ASIA (atteinte m\u00e9dullaire)<\/a><\/li><li class=\"listing-item\"><a class=\"title\" href=\"https:\/\/kineaphp.fr\/?p=8305\">\u00c9valuation de la propulsion en fauteuil roulant (WPT-F)<\/a><\/li><li class=\"listing-item\"><a class=\"title\" href=\"https:\/\/kineaphp.fr\/?p=5558\">La r\u00e9\u00e9ducation du bless\u00e9 m\u00e9dullaire<\/a><\/li><li class=\"listing-item\"><a class=\"title\" href=\"https:\/\/kineaphp.fr\/?p=4050\">Les l\u00e9sions m\u00e9dullaires : physiopathologie et grands syndromes cliniques<\/a><\/li><li class=\"listing-item\"><a class=\"title\" href=\"https:\/\/kineaphp.fr\/?p=5663\">Vid\u00e9os parapl\u00e9gie<\/a><\/li><\/ul>\n\n\n\n<h2 class=\"wp-block-heading\">Neuropathies p\u00e9riph\u00e9riques<\/h2>\n\n\n<ul class=\"display-posts-listing\"><li class=\"listing-item\"><a class=\"title\" href=\"https:\/\/kineaphp.fr\/?p=4152\">Neuropathies p\u00e9riph\u00e9riques<\/a><\/li><li class=\"listing-item\"><a class=\"title\" href=\"https:\/\/kineaphp.fr\/?p=5773\">Neuropathies p\u00e9riph\u00e9riques<\/a><\/li><\/ul>\n\n\n\n<h2 class=\"wp-block-heading\">Autres<\/h2>\n\n\n<ul class=\"display-posts-listing\"><li class=\"listing-item\"><a class=\"title\" href=\"https:\/\/kineaphp.fr\/?p=4111\">C\u00e9phal\u00e9es, migraines et syndrome m\u00e9ning\u00e9<\/a><\/li><li class=\"listing-item\"><a class=\"title\" href=\"https:\/\/kineaphp.fr\/?p=4157\">Les \u00e9pilepsie<\/a><\/li><li class=\"listing-item\"><a class=\"title\" href=\"https:\/\/kineaphp.fr\/?p=3962\">L\u00e9sion des nerfs cr\u00e2niens<\/a><\/li><li class=\"listing-item\"><a class=\"title\" href=\"https:\/\/kineaphp.fr\/?p=2629\">N\u00e9vralgie tronculaire (Parsonage Turner)<\/a><\/li><li class=\"listing-item\"><a class=\"title\" href=\"https:\/\/kineaphp.fr\/?p=4018\">Syndrome vestibulaire<\/a><\/li><li class=\"listing-item\"><a class=\"title\" href=\"https:\/\/kineaphp.fr\/?p=4083\">Traumatisme cr\u00e2nien<\/a><\/li><li class=\"listing-item\"><a class=\"title\" href=\"https:\/\/kineaphp.fr\/?p=4150\">Tumeurs c\u00e9r\u00e9brales<\/a><\/li><\/ul>\n\n\n\n<h2 class=\"wp-block-heading\">R\u00e9\u00e9ducation sp\u00e9cifique neuro<\/h2>\n\n\n<ul class=\"display-posts-listing\"><li class=\"listing-item\"><a class=\"title\" href=\"https:\/\/kineaphp.fr\/?p=6166\">R\u00e9entrainement \u00e0 l&rsquo;effort<\/a><\/li><li class=\"listing-item\"><a class=\"title\" href=\"https:\/\/kineaphp.fr\/?p=8104\">S\u00e9quences de relever du sol (RDS)<\/a><\/li><\/ul>\n\n\n\n<h2 class=\"wp-block-heading\">Tests et \u00e9valuations<\/h2>\n\n\n<ul class=\"display-posts-listing\"><li class=\"listing-item\"><a class=\"title\" href=\"https:\/\/kineaphp.fr\/?p=7747\">ALS Functional Rating Scale r\u00e9vis\u00e9e (SLA)<\/a><\/li><li class=\"listing-item\"><a class=\"title\" href=\"https:\/\/kineaphp.fr\/?p=7466\">Berg Balance Test (BBS)<\/a><\/li><li class=\"listing-item\"><a class=\"title\" href=\"https:\/\/kineaphp.fr\/?p=7498\">Box and Block Test (BBT)<\/a><\/li><li class=\"listing-item\"><a class=\"title\" href=\"https:\/\/kineaphp.fr\/?p=926\">Cluster de Cook<\/a><\/li><li class=\"listing-item\"><a class=\"title\" href=\"https:\/\/kineaphp.fr\/?p=7408\">Cotation de Held et Pierrot-Desseilligny<\/a><\/li><li class=\"listing-item\"><a class=\"title\" href=\"https:\/\/kineaphp.fr\/?p=4414\">DN4 (Douleurs neuropathiques)<\/a><\/li><li class=\"listing-item\"><a class=\"title\" href=\"https:\/\/kineaphp.fr\/?p=8031\">Echelle d&rsquo;Ashwort modifi\u00e9e (spasticit\u00e9)<\/a><\/li><li class=\"listing-item\"><a class=\"title\" href=\"https:\/\/kineaphp.fr\/?p=7508\">Echelle de Boub\u00e9e (Equilibre assis)<\/a><\/li><li class=\"listing-item\"><a class=\"title\" href=\"https:\/\/kineaphp.fr\/?p=7757\">Echelle de d\u00e9ficience ASIA (atteinte m\u00e9dullaire)<\/a><\/li><li class=\"listing-item\"><a class=\"title\" href=\"https:\/\/kineaphp.fr\/?p=7462\">\u00c9chelle de Schwab et England (AVQ)<\/a><\/li><li class=\"listing-item\"><a class=\"title\" href=\"https:\/\/kineaphp.fr\/?p=4512\">Echelle de Tardieu (Spasticit\u00e9)<\/a><\/li><li class=\"listing-item\"><a class=\"title\" href=\"https:\/\/kineaphp.fr\/?p=7500\">Echelle ICARS (Ataxie c\u00e9r\u00e9belleuse)<\/a><\/li><li class=\"listing-item\"><a class=\"title\" href=\"https:\/\/kineaphp.fr\/?p=7451\">Echelle UPDRS (Parkinson)<\/a><\/li><li class=\"listing-item\"><a class=\"title\" href=\"https:\/\/kineaphp.fr\/?p=8305\">\u00c9valuation de la propulsion en fauteuil roulant (WPT-F)<\/a><\/li><li class=\"listing-item\"><a class=\"title\" href=\"https:\/\/kineaphp.fr\/?p=7431\">FIS (Fatigue Impact Scale) pour la SEP<\/a><\/li><li class=\"listing-item\"><a class=\"title\" href=\"https:\/\/kineaphp.fr\/?p=7476\">Frenchay Arm Test (FAT)<\/a><\/li><li class=\"listing-item\"><a class=\"title\" href=\"https:\/\/kineaphp.fr\/?p=8064\">Function in sitting test (FIST)<\/a><\/li><li class=\"listing-item\"><a class=\"title\" href=\"https:\/\/kineaphp.fr\/?p=8046\">Functional Independence Measure (FIM)<\/a><\/li><li class=\"listing-item\"><a class=\"title\" href=\"https:\/\/kineaphp.fr\/?p=8007\">Index de Barthel (h\u00e9mipl\u00e9gie)<\/a><\/li><li class=\"listing-item\"><a class=\"title\" href=\"https:\/\/kineaphp.fr\/?p=3958\">Lasegue test<\/a><\/li><li class=\"listing-item\"><a class=\"title\" href=\"https:\/\/kineaphp.fr\/?p=4515\">Man\u0153uvre de Froment (Parkinson)<\/a><\/li><li class=\"listing-item\"><a class=\"title\" href=\"https:\/\/kineaphp.fr\/?p=7808\">Manoeuvre de Stewart Holmes (Ataxie c\u00e9rebelleuse)<\/a><\/li><li class=\"listing-item\"><a class=\"title\" href=\"https:\/\/kineaphp.fr\/?p=8092\">MFIS (Modified Fatigue Impact Scale) \u2013 SEP<\/a><\/li><li class=\"listing-item\"><a class=\"title\" href=\"https:\/\/kineaphp.fr\/?p=7471\">MiniBesTest (MBT)<\/a><\/li><li class=\"listing-item\"><a class=\"title\" href=\"https:\/\/kineaphp.fr\/?p=8058\">Motor Assessment Scale (MAS)<\/a><\/li><li class=\"listing-item\"><a class=\"title\" href=\"https:\/\/kineaphp.fr\/?p=7423\">NIHSS (National Institutes of Health Stroke Scale)<\/a><\/li><li class=\"listing-item\"><a class=\"title\" href=\"https:\/\/kineaphp.fr\/?p=7494\">Nine Hole Peg Test (NHP)<\/a><\/li><li class=\"listing-item\"><a class=\"title\" href=\"https:\/\/kineaphp.fr\/?p=4412\">Pain detect (douleurs neuropathiques)<\/a><\/li><li class=\"listing-item\"><a class=\"title\" href=\"https:\/\/kineaphp.fr\/?p=4416\">Patient Specific Functional Scale (PSFS)<\/a><\/li><li class=\"listing-item\"><a class=\"title\" href=\"https:\/\/kineaphp.fr\/?p=4418\">Echelle SARA (Scale for Assessment and Rating Ataxia)<\/a><\/li><\/ul>\n","protected":false},"excerpt":{"rendered":"<p>AVC (Accident vasculaire c\u00e9r\u00e9bral) SEP (Scl\u00e9rose en plaque) Maladie de Parkinson Ataxie c\u00e9rebelleuse SLA (Scl\u00e9rose lat\u00e9rale amyotrophique) Atteinte m\u00e9dullaire Neuropathies p\u00e9riph\u00e9riques Autres R\u00e9\u00e9ducation sp\u00e9cifique neuro Tests et \u00e9valuations<\/p>\n","protected":false},"author":1,"featured_media":1463,"parent":0,"menu_order":0,"comment_status":"closed","ping_status":"closed","template":"","meta":{"footnotes":""},"class_list":["post-1921","page","type-page","status-publish","has-post-thumbnail","hentry"],"_links":{"self":[{"href":"https:\/\/kineaphp.fr\/index.php?rest_route=\/wp\/v2\/pages\/1921","targetHints":{"allow":["GET"]}}],"collection":[{"href":"https:\/\/kineaphp.fr\/index.php?rest_route=\/wp\/v2\/pages"}],"about":[{"href":"https:\/\/kineaphp.fr\/index.php?rest_route=\/wp\/v2\/types\/page"}],"author":[{"embeddable":true,"href":"https:\/\/kineaphp.fr\/index.php?rest_route=\/wp\/v2\/users\/1"}],"replies":[{"embeddable":true,"href":"https:\/\/kineaphp.fr\/index.php?rest_route=%2Fwp%2Fv2%2Fcomments&post=1921"}],"version-history":[{"count":26,"href":"https:\/\/kineaphp.fr\/index.php?rest_route=\/wp\/v2\/pages\/1921\/revisions"}],"predecessor-version":[{"id":8038,"href":"https:\/\/kineaphp.fr\/index.php?rest_route=\/wp\/v2\/pages\/1921\/revisions\/8038"}],"wp:featuredmedia":[{"embeddable":true,"href":"https:\/\/kineaphp.fr\/index.php?rest_route=\/wp\/v2\/media\/1463"}],"wp:attachment":[{"href":"https:\/\/kineaphp.fr\/index.php?rest_route=%2Fwp%2Fv2%2Fmedia&parent=1921"}],"curies":[{"name":"wp","href":"https:\/\/api.w.org\/{rel}","templated":true}]}}