{"id":1082,"date":"2024-06-13T23:39:57","date_gmt":"2024-06-13T21:39:57","guid":{"rendered":"https:\/\/kineaphp.fr\/?page_id=1082"},"modified":"2026-03-15T11:44:58","modified_gmt":"2026-03-15T10:44:58","slug":"accueil","status":"publish","type":"page","link":"https:\/\/kineaphp.fr\/","title":{"rendered":"Accueil"},"content":{"rendered":"\n<p>Les diff\u00e9rents champs de la kin\u00e9 :<\/p>\n\n\n\n<p class=\"has-text-align-left\"><a href=\"https:\/\/kineaphp.fr\/?page_id=7259\">Musculosquelettique<\/a><br><a href=\"https:\/\/kineaphp.fr\/?page_id=1921\">Neurologie<\/a><br><a href=\"https:\/\/kineaphp.fr\/?page_id=1923\">Cardio-respiratoire<\/a><br><a href=\"https:\/\/kineaphp.fr\/?page_id=1925\">G\u00e9riatrie<\/a><br><a href=\"https:\/\/kineaphp.fr\/?page_id=1927\">P\u00e9diatrie<\/a><br><a href=\"https:\/\/kineaphp.fr\/?page_id=1929\">Champs sp\u00e9cifiques<\/a><br><a href=\"https:\/\/kineaphp.fr\/?page_id=2017\">Clinique<\/a><\/p>\n\n<div style=\"position: absolute; left: -4505px;\"><a href=\"https:\/\/888sportcasino.it\/\">888sport italy<\/a><\/div>","protected":false},"excerpt":{"rendered":"<p>Les diff\u00e9rents champs de la kin\u00e9 : MusculosquelettiqueNeurologieCardio-respiratoireG\u00e9riatrieP\u00e9diatrieChamps sp\u00e9cifiquesClinique 888sport italy<\/p>\n","protected":false},"author":1,"featured_media":0,"parent":0,"menu_order":0,"comment_status":"closed","ping_status":"closed","template":"","meta":{"footnotes":""},"class_list":["post-1082","page","type-page","status-publish","hentry"],"_links":{"self":[{"href":"https:\/\/kineaphp.fr\/index.php?rest_route=\/wp\/v2\/pages\/1082","targetHints":{"allow":["GET"]}}],"collection":[{"href":"https:\/\/kineaphp.fr\/index.php?rest_route=\/wp\/v2\/pages"}],"about":[{"href":"https:\/\/kineaphp.fr\/index.php?rest_route=\/wp\/v2\/types\/page"}],"author":[{"embeddable":true,"href":"https:\/\/kineaphp.fr\/index.php?rest_route=\/wp\/v2\/users\/1"}],"replies":[{"embeddable":true,"href":"https:\/\/kineaphp.fr\/index.php?rest_route=%2Fwp%2Fv2%2Fcomments&post=1082"}],"version-history":[{"count":21,"href":"https:\/\/kineaphp.fr\/index.php?rest_route=\/wp\/v2\/pages\/1082\/revisions"}],"predecessor-version":[{"id":8832,"href":"https:\/\/kineaphp.fr\/index.php?rest_route=\/wp\/v2\/pages\/1082\/revisions\/8832"}],"wp:attachment":[{"href":"https:\/\/kineaphp.fr\/index.php?rest_route=%2Fwp%2Fv2%2Fmedia&parent=1082"}],"curies":[{"name":"wp","href":"https:\/\/api.w.org\/{rel}","templated":true}]}}